{"id":889,"date":"2024-05-24T09:58:19","date_gmt":"2024-05-24T07:58:19","guid":{"rendered":"https:\/\/vbhi-institute.org\/?page_id=889"},"modified":"2026-03-31T16:38:02","modified_gmt":"2026-03-31T14:38:02","slug":"make-a-donation","status":"publish","type":"page","link":"https:\/\/vbhi-institute.org\/en\/make-a-donation\/","title":{"rendered":"Make a donation"},"content":{"rendered":"<div class=\"wpb-content-wrapper\">[vc_row el_id=&#8221;row-with-sidebar&#8221;][vc_column width=&#8221;2\/3&#8243;][vc_column_text css=&#8221;&#8221; el_class=&#8221;intro&#8221;]Your donation can save lives by preventing stroke and dementia.[\/vc_column_text][vc_column_text css=&#8221;&#8221;]\n<h2>Why give?<\/h2>\n[\/vc_column_text]<div class=\"vcex-spacing wpex-w-100 wpex-clear\" style=\"height:30px;\"><\/div>[vc_row_inner el_id=&#8221;page-soutenir-pourquoi&#8221;][vc_column_inner width=&#8221;1\/3&#8243;]<figure class=\"vcex-image vcex-module wpex-text-center\"><div class=\"vcex-image-inner wpex-relative wpex-inline-block\"><img width=\"435\" height=\"262\" src=\"https:\/\/vbhi-institute.org\/wp-content\/uploads\/2024\/05\/vbhi-soutenir-picto-coeur-femme.png\" class=\"vcex-image-img wpex-align-middle\" alt=\"\" loading=\"lazy\" decoding=\"async\" srcset=\"https:\/\/vbhi-institute.org\/wp-content\/uploads\/2024\/05\/vbhi-soutenir-picto-coeur-femme.png 435w, https:\/\/vbhi-institute.org\/wp-content\/uploads\/2024\/05\/vbhi-soutenir-picto-coeur-femme-300x181.png 300w\" sizes=\"auto, (max-width: 435px) 100vw, 435px\" \/><\/div><\/figure>[vc_column_text css=&#8221;&#8221;]Stroke is the 2nd leading cause of death worldwide and the 1st st in women in France.[\/vc_column_text][\/vc_column_inner][vc_column_inner width=&#8221;1\/3&#8243;]<figure class=\"vcex-image vcex-module wpex-text-center\"><div class=\"vcex-image-inner wpex-relative wpex-inline-block\"><img width=\"435\" height=\"262\" src=\"https:\/\/vbhi-institute.org\/wp-content\/uploads\/2024\/05\/vbhi-soutenir-picto-foule.png\" class=\"vcex-image-img wpex-align-middle\" alt=\"\" loading=\"lazy\" decoding=\"async\" srcset=\"https:\/\/vbhi-institute.org\/wp-content\/uploads\/2024\/05\/vbhi-soutenir-picto-foule.png 435w, https:\/\/vbhi-institute.org\/wp-content\/uploads\/2024\/05\/vbhi-soutenir-picto-foule-300x181.png 300w\" sizes=\"auto, (max-width: 435px) 100vw, 435px\" \/><\/div><\/figure>[vc_column_text css=&#8221;&#8221;]More than 57 million people worldwide have dementia, with at least 900,000 people in France.[\/vc_column_text][\/vc_column_inner][vc_column_inner width=&#8221;1\/3&#8243;]<figure class=\"vcex-image vcex-module wpex-text-center\"><div class=\"vcex-image-inner wpex-relative wpex-inline-block\"><img width=\"435\" height=\"262\" src=\"https:\/\/vbhi-institute.org\/wp-content\/uploads\/2024\/05\/vbhi-soutenir-picto-fleche.png\" class=\"vcex-image-img wpex-align-middle\" alt=\"\" loading=\"lazy\" decoding=\"async\" srcset=\"https:\/\/vbhi-institute.org\/wp-content\/uploads\/2024\/05\/vbhi-soutenir-picto-fleche.png 435w, https:\/\/vbhi-institute.org\/wp-content\/uploads\/2024\/05\/vbhi-soutenir-picto-fleche-300x181.png 300w\" sizes=\"auto, (max-width: 435px) 100vw, 435px\" \/><\/div><\/figure>[vc_column_text css=&#8221;&#8221;]The figures are rising at an alarming rate, with increasing inequalities in health.[\/vc_column_text][\/vc_column_inner][\/vc_row_inner]<div class=\"vcex-video wpex-bg-black\" data-vcex-video-type=\"youtube\"><div class=\"vcex-video-inner wpex-relative\"><iframe class=\"wpex-block wpex-w-100 wpex-h-100 wpex-aspect-16-9\" src=\"https:\/\/www.youtube.com\/embed\/Y4CRvY28E9E\" title=\"\" loading=\"lazy\" frameborder=\"0\" allow=\"accelerometer; autoplay; clipboard-write; encrypted-media; gyroscope; picture-in-picture; web-share\" allowfullscreen><\/iframe><\/div><\/div><div class=\"vcex-spacing wpex-w-100 wpex-clear\" style=\"height:30px;\"><\/div>[vc_column_text css=&#8221;&#8221;]These diseases not only affect the patients themselves, but also the carers, family and community around them.<\/p>\n<p>The VBHI is a centre of excellence dedicated to vascular brain health, specialising in next-generation prevention of the most common neurological diseases: stroke and dementia.<\/p>\n<p>By supporting cutting-edge research to develop new prevention strategies and personalised therapies for stroke and dementia, you are helping us reduce the burden of these diseases in France and around the world.<\/p>\n<p>Don&#8217;t forget that your donation entitles you to a tax reduction (66% for personal tax and 75% for IFI tax).[\/vc_column_text]<div class=\"vcex-spacing wpex-w-100 wpex-clear\" style=\"height:30px;\"><\/div><div class=\"theme-button-wrap textcenter wpex-clr\"><a href=\"https:\/\/soutenir-fondation.univ-bordeaux.fr\/VBHI\" class=\"vcex-button theme-button align-center inline bouton-orange\" target=\"_blank\" rel=\"noopener noreferrer\"><span class=\"vcex-button-inner theme-button-inner wpex-flex wpex-flex-wrap wpex-items-center wpex-justify-center\"><span class=\"vcex-button-icon vcex-icon-wrap theme-button-icon-left\"><span class=\"wpex-icon\" aria-hidden=\"true\"><svg xmlns=\"http:\/\/www.w3.org\/2000\/svg\" viewBox=\"0 0 512 512\"><path d=\"M47.6 300.4L228.3 469.1c7.5 7 17.4 10.9 27.7 10.9s20.2-3.9 27.7-10.9L464.4 300.4c30.4-28.3 47.6-68 47.6-109.5v-5.8c0-69.9-50.5-129.5-119.4-141C347 36.5 300.6 51.4 268 84L256 96 244 84c-32.6-32.6-79-47.5-124.6-39.9C50.5 55.6 0 115.2 0 185.1v5.8c0 41.5 17.2 81.2 47.6 109.5z\"\/><\/svg><\/span><\/span>I WANT TO DONATE!<\/span><\/a><\/div> <div class=\"vcex-spacing wpex-w-100 wpex-clear\" style=\"height:20px;\"><\/div>[vc_column_text css=&#8221;&#8221;]\n<h2>How to donate<\/h2>\n<p>Donations to the VBHI are made with support from the Fondation Bordeaux Universit\u00e9, an established foundation that has been working to support public research since 2009.<br \/>\nYou can make your donation online by going to the dedicated platform and clicking on &#8220;Make a donation&#8221;. You will receive a tax receipt confirming your donation.[\/vc_column_text]<div class=\"vcex-spacing wpex-w-100 wpex-clear\" style=\"height:30px;\"><\/div><div class=\"theme-button-wrap textcenter wpex-clr\"><a href=\"https:\/\/soutenir-fondation.univ-bordeaux.fr\/VBHI\" class=\"vcex-button theme-button align-center inline bouton-bleu-clair\" target=\"_blank\" rel=\"noopener noreferrer\"><span class=\"vcex-button-inner theme-button-inner wpex-flex wpex-flex-wrap wpex-items-center wpex-justify-center\"><span class=\"vcex-button-icon vcex-icon-wrap theme-button-icon-left\"><span class=\"wpex-icon\" aria-hidden=\"true\"><svg xmlns=\"http:\/\/www.w3.org\/2000\/svg\" viewBox=\"0 0 512 512\"><path d=\"M47.6 300.4L228.3 469.1c7.5 7 17.4 10.9 27.7 10.9s20.2-3.9 27.7-10.9L464.4 300.4c30.4-28.3 47.6-68 47.6-109.5v-5.8c0-69.9-50.5-129.5-119.4-141C347 36.5 300.6 51.4 268 84L256 96 244 84c-32.6-32.6-79-47.5-124.6-39.9C50.5 55.6 0 115.2 0 185.1v5.8c0 41.5 17.2 81.2 47.6 109.5z\"\/><\/svg><\/span><\/span>I WANT TO DONATE!<\/span><\/a><\/div> <div class=\"vcex-spacing wpex-w-100 wpex-clear\" style=\"height:20px;\"><\/div>[vc_column_text css=&#8221;&#8221;]\n<h2>What will my donation support?<\/h2>\n[\/vc_column_text]<div class=\"vcex-spacing wpex-w-100 wpex-clear\" style=\"height:30px;\"><\/div>[vc_row_inner el_id=&#8221;page-soutenir-a-quoi-sert&#8221;][vc_column_inner width=&#8221;1\/3&#8243;]<figure class=\"vcex-image vcex-module wpex-text-center\"><div class=\"vcex-image-inner wpex-relative wpex-inline-block\"><img width=\"650\" height=\"392\" src=\"https:\/\/vbhi-institute.org\/wp-content\/uploads\/2024\/05\/vbhi-soutenir-recherche.jpg\" class=\"vcex-image-img wpex-align-middle\" alt=\"Institut VBHI : Soutenir la recherche\" loading=\"lazy\" decoding=\"async\" srcset=\"https:\/\/vbhi-institute.org\/wp-content\/uploads\/2024\/05\/vbhi-soutenir-recherche.jpg 650w, https:\/\/vbhi-institute.org\/wp-content\/uploads\/2024\/05\/vbhi-soutenir-recherche-300x181.jpg 300w\" sizes=\"auto, (max-width: 650px) 100vw, 650px\" \/><\/div><\/figure>[vc_column_text css=&#8221;&#8221;]\n<h3>Research<\/h3>\n<p>Your donation can be used to fund high-definition MRI scans of the brain.[\/vc_column_text][\/vc_column_inner][vc_column_inner width=&#8221;1\/3&#8243;]<figure class=\"vcex-image vcex-module wpex-text-center\"><div class=\"vcex-image-inner wpex-relative wpex-inline-block\"><img width=\"650\" height=\"392\" src=\"https:\/\/vbhi-institute.org\/wp-content\/uploads\/2024\/05\/vbhi-soutenir-formation.jpg\" class=\"vcex-image-img wpex-align-middle\" alt=\"Institut VBHI : Soutenir la formation\" loading=\"lazy\" decoding=\"async\" srcset=\"https:\/\/vbhi-institute.org\/wp-content\/uploads\/2024\/05\/vbhi-soutenir-formation.jpg 650w, https:\/\/vbhi-institute.org\/wp-content\/uploads\/2024\/05\/vbhi-soutenir-formation-300x181.jpg 300w\" sizes=\"auto, (max-width: 650px) 100vw, 650px\" \/><\/div><\/figure>[vc_column_text css=&#8221;&#8221;]\n<h3>Training<\/h3>\n<p>All or part of a PhD student&#8217;s stay in a foreign laboratory can be made possible by your donation.[\/vc_column_text][\/vc_column_inner][vc_column_inner width=&#8221;1\/3&#8243;]<figure class=\"vcex-image vcex-module wpex-text-center\"><div class=\"vcex-image-inner wpex-relative wpex-inline-block\"><img width=\"650\" height=\"392\" src=\"https:\/\/vbhi-institute.org\/wp-content\/uploads\/2024\/05\/vbhi-soutenir-aide-aux-malades.jpg\" class=\"vcex-image-img wpex-align-middle\" alt=\"Institut VBHI : Soutenir l&#039;aide aux malades\" loading=\"lazy\" decoding=\"async\" srcset=\"https:\/\/vbhi-institute.org\/wp-content\/uploads\/2024\/05\/vbhi-soutenir-aide-aux-malades.jpg 650w, https:\/\/vbhi-institute.org\/wp-content\/uploads\/2024\/05\/vbhi-soutenir-aide-aux-malades-300x181.jpg 300w\" sizes=\"auto, (max-width: 650px) 100vw, 650px\" \/><\/div><\/figure>[vc_column_text css=&#8221;&#8221;]\n<h3>Support for patients<\/h3>\n<p>Your donation can finance part of the purchase of neuromodulation devices*.[\/vc_column_text][\/vc_column_inner][\/vc_row_inner][vc_column_text css=&#8221;&#8221; color=&#8221;#7b7c7b&#8221; font_size=&#8221;18px&#8221;]*(a non-invasive tool to help maintain cognitive abilities in patients with cerebral small vessel disease)[\/vc_column_text][vc_column_text css=&#8221;&#8221;]\n<h2>Tax deductible<\/h2>\n<p>Your donation entitles you to a tax reduction (66% for personal tax and 75% for IFI tax).[\/vc_column_text]<div class=\"vcex-spacing wpex-w-100 wpex-clear\" style=\"height:30px;\"><\/div><div class=\"theme-button-wrap textcenter wpex-clr\"><a href=\"https:\/\/soutenir-fondation.univ-bordeaux.fr\/VBHI\" class=\"vcex-button theme-button align-center inline\" target=\"_blank\" rel=\"noopener noreferrer\"><span class=\"vcex-button-inner theme-button-inner wpex-flex wpex-flex-wrap wpex-items-center wpex-justify-center\"><span class=\"vcex-button-icon vcex-icon-wrap theme-button-icon-left\"><span class=\"wpex-icon\" aria-hidden=\"true\"><svg xmlns=\"http:\/\/www.w3.org\/2000\/svg\" viewBox=\"0 0 512 512\"><path d=\"M47.6 300.4L228.3 469.1c7.5 7 17.4 10.9 27.7 10.9s20.2-3.9 27.7-10.9L464.4 300.4c30.4-28.3 47.6-68 47.6-109.5v-5.8c0-69.9-50.5-129.5-119.4-141C347 36.5 300.6 51.4 268 84L256 96 244 84c-32.6-32.6-79-47.5-124.6-39.9C50.5 55.6 0 115.2 0 185.1v5.8c0 41.5 17.2 81.2 47.6 109.5z\"\/><\/svg><\/span><\/span>I WANT TO DONATE!<\/span><\/a><\/div> [\/vc_column][vc_column width=&#8221;1\/3&#8243;][vc_widget_sidebar sidebar_id=&#8221;pages_sidebar&#8221;][\/vc_column][\/vc_row][vc_row el_id=&#8221;banniere-page-connexes&#8221;][vc_column]<div class=\"wpex-post-cards wpex-post-cards-blog_5 wpex-relative\"><div class=\"wpex-post-cards-inner\"><div class=\"wpex-post-cards-loop wpex-post-cards-grid wpex-row wpex-clr\"><div class=\"wpex-post-cards-entry col col-1 span_1_of_3 post-923 type-page translation_priority-7\"><div class=\"wpex-card wpex-card-blog_5\"><div class=\"wpex-card-media wpex-mb-15 overlay-parent overlay-parent-1\"><div class=\"wpex-card-thumbnail wpex-relative\"><a href=\"https:\/\/vbhi-institute.org\/en\/flagship-programmes\/\"><img width=\"650\" height=\"392\" src=\"https:\/\/vbhi-institute.org\/wp-content\/uploads\/2024\/05\/a-la-une-vbhi-programmes-emblematiques.jpg\" class=\"wpex-align-middle\" alt=\"Institut VBHI : Les programmes embl\u00e9matiques\" loading=\"lazy\" decoding=\"async\" srcset=\"https:\/\/vbhi-institute.org\/wp-content\/uploads\/2024\/05\/a-la-une-vbhi-programmes-emblematiques.jpg 650w, https:\/\/vbhi-institute.org\/wp-content\/uploads\/2024\/05\/a-la-une-vbhi-programmes-emblematiques-300x181.jpg 300w\" sizes=\"auto, (max-width: 650px) 100vw, 650px\" \/><\/a><\/div><\/div><h2 class=\"wpex-card-title wpex-heading wpex-text-lg\"><a href=\"https:\/\/vbhi-institute.org\/en\/flagship-programmes\/\">Flagship Programmes<\/a><\/h2><\/div><\/div><div class=\"wpex-post-cards-entry col col-2 span_1_of_3 post-885 type-page translation_priority-7\"><div class=\"wpex-card wpex-card-blog_5\"><div class=\"wpex-card-media wpex-mb-15 overlay-parent overlay-parent-1\"><div class=\"wpex-card-thumbnail wpex-relative\"><a href=\"https:\/\/vbhi-institute.org\/en\/our-mission\/\"><img width=\"650\" height=\"392\" src=\"https:\/\/vbhi-institute.org\/wp-content\/uploads\/2024\/05\/a-la-une-vbhi-notre-mission.jpg\" class=\"wpex-align-middle\" alt=\"Institut VBHI : Notre mission\" loading=\"lazy\" decoding=\"async\" srcset=\"https:\/\/vbhi-institute.org\/wp-content\/uploads\/2024\/05\/a-la-une-vbhi-notre-mission.jpg 650w, https:\/\/vbhi-institute.org\/wp-content\/uploads\/2024\/05\/a-la-une-vbhi-notre-mission-300x181.jpg 300w\" sizes=\"auto, (max-width: 650px) 100vw, 650px\" \/><\/a><\/div><\/div><h2 class=\"wpex-card-title wpex-heading wpex-text-lg\"><a href=\"https:\/\/vbhi-institute.org\/en\/our-mission\/\">Our mission<\/a><\/h2><\/div><\/div><div class=\"wpex-post-cards-entry col col-3 span_1_of_3 post-1057 type-page translation_priority-7\"><div class=\"wpex-card wpex-card-blog_5\"><div class=\"wpex-card-media wpex-mb-15 overlay-parent overlay-parent-1\"><div class=\"wpex-card-thumbnail wpex-relative\"><a href=\"https:\/\/vbhi-institute.org\/en\/news\/\"><img width=\"650\" height=\"392\" src=\"https:\/\/vbhi-institute.org\/wp-content\/uploads\/2024\/05\/a-la-une-vbhi-actualites.jpg\" class=\"wpex-align-middle\" alt=\"Institut VBHI : Les actualit\u00e9s\" loading=\"lazy\" decoding=\"async\" srcset=\"https:\/\/vbhi-institute.org\/wp-content\/uploads\/2024\/05\/a-la-une-vbhi-actualites.jpg 650w, https:\/\/vbhi-institute.org\/wp-content\/uploads\/2024\/05\/a-la-une-vbhi-actualites-300x181.jpg 300w\" sizes=\"auto, (max-width: 650px) 100vw, 650px\" \/><\/a><\/div><\/div><h2 class=\"wpex-card-title wpex-heading wpex-text-lg\"><a href=\"https:\/\/vbhi-institute.org\/en\/news\/\">News<\/a><\/h2><\/div><\/div><\/div><\/div><\/div>[\/vc_column][\/vc_row]\n<\/div>","protected":false},"excerpt":{"rendered":"<p>[vc_row el_id=&#8221;row-with-sidebar&#8221;][vc_column width=&#8221;2\/3&#8243;][vc_column_text css=&#8221;&#8221; el_class=&#8221;intro&#8221;]Your donation can save lives by preventing stroke and dementia.[\/vc_column_text][vc_column_text css=&#8221;&#8221;] Why give? [\/vc_column_text][vc_row_inner el_id=&#8221;page-soutenir-pourquoi&#8221;][vc_column_inner width=&#8221;1\/3&#8243;][vc_column_text css=&#8221;&#8221;]Stroke is the 2nd leading cause of death worldwide and the 1st st in women in France.[\/vc_column_text][\/vc_column_inner][vc_column_inner width=&#8221;1\/3&#8243;][vc_column_text css=&#8221;&#8221;]More than 57 million people worldwide have dementia, with at least 900,000 people in France.[\/vc_column_text][\/vc_column_inner][vc_column_inner width=&#8221;1\/3&#8243;][vc_column_text css=&#8221;&#8221;]The&hellip;<\/p>\n","protected":false},"author":1024,"featured_media":672,"parent":0,"menu_order":0,"comment_status":"closed","ping_status":"closed","template":"","meta":{"inline_featured_image":false,"footnotes":""},"class_list":["post-889","page","type-page","status-publish","has-post-thumbnail","hentry","entry","has-media"],"yoast_head":"<!-- This site is optimized with the Yoast SEO plugin v27.3 - https:\/\/yoast.com\/product\/yoast-seo-wordpress\/ -->\n<title>Your donation, a crucial gift for the Vascular Brain Health Institute | VBHI<\/title>\n<meta name=\"description\" content=\"Your donation speeds cutting-edge research and the development of new prevention strategies and personalised therapies for stroke and dementia and helps reduce the burden of these diseases worldwide.\" \/>\n<meta name=\"robots\" content=\"index, follow, max-snippet:-1, max-image-preview:large, max-video-preview:-1\" \/>\n<link rel=\"canonical\" href=\"https:\/\/vbhi-institute.org\/en\/make-a-donation\/\" \/>\n<meta property=\"og:locale\" content=\"en_US\" \/>\n<meta property=\"og:type\" content=\"article\" \/>\n<meta property=\"og:title\" content=\"Your donation, a crucial gift for the Vascular Brain Health Institute | VBHI\" \/>\n<meta property=\"og:description\" content=\"Your donation speeds cutting-edge research and the development of new prevention strategies and personalised therapies for stroke and dementia and helps reduce the burden of these diseases worldwide.\" \/>\n<meta property=\"og:url\" content=\"https:\/\/vbhi-institute.org\/en\/make-a-donation\/\" \/>\n<meta property=\"og:site_name\" content=\"VBHI\" \/>\n<meta property=\"article:modified_time\" content=\"2026-03-31T14:38:02+00:00\" \/>\n<meta property=\"og:image\" content=\"https:\/\/vbhi-institute.org\/wp-content\/uploads\/2024\/05\/a-la-une-vbhi-nous-soutenir.jpg\" \/>\n\t<meta property=\"og:image:width\" content=\"650\" \/>\n\t<meta property=\"og:image:height\" content=\"392\" \/>\n\t<meta property=\"og:image:type\" content=\"image\/jpeg\" \/>\n<meta name=\"twitter:card\" content=\"summary_large_image\" \/>\n<meta name=\"twitter:label1\" content=\"Est. reading time\" \/>\n\t<meta name=\"twitter:data1\" content=\"4 minutes\" \/>\n<script type=\"application\/ld+json\" class=\"yoast-schema-graph\">{\"@context\":\"https:\\\/\\\/schema.org\",\"@graph\":[{\"@type\":\"WebPage\",\"@id\":\"https:\\\/\\\/vbhi-institute.org\\\/en\\\/make-a-donation\\\/\",\"url\":\"https:\\\/\\\/vbhi-institute.org\\\/en\\\/make-a-donation\\\/\",\"name\":\"Your donation, a crucial gift for the Vascular Brain Health Institute | VBHI\",\"isPartOf\":{\"@id\":\"https:\\\/\\\/vbhi-institute.org\\\/en\\\/#website\"},\"primaryImageOfPage\":{\"@id\":\"https:\\\/\\\/vbhi-institute.org\\\/en\\\/make-a-donation\\\/#primaryimage\"},\"image\":{\"@id\":\"https:\\\/\\\/vbhi-institute.org\\\/en\\\/make-a-donation\\\/#primaryimage\"},\"thumbnailUrl\":\"https:\\\/\\\/vbhi-institute.org\\\/wp-content\\\/uploads\\\/2024\\\/05\\\/a-la-une-vbhi-nous-soutenir.jpg\",\"datePublished\":\"2024-05-24T07:58:19+00:00\",\"dateModified\":\"2026-03-31T14:38:02+00:00\",\"description\":\"Your donation speeds cutting-edge research and the development of new prevention strategies and personalised therapies for stroke and dementia and helps reduce the burden of these diseases worldwide.\",\"breadcrumb\":{\"@id\":\"https:\\\/\\\/vbhi-institute.org\\\/en\\\/make-a-donation\\\/#breadcrumb\"},\"inLanguage\":\"en-US\",\"potentialAction\":[{\"@type\":\"ReadAction\",\"target\":[\"https:\\\/\\\/vbhi-institute.org\\\/en\\\/make-a-donation\\\/\"]}]},{\"@type\":\"ImageObject\",\"inLanguage\":\"en-US\",\"@id\":\"https:\\\/\\\/vbhi-institute.org\\\/en\\\/make-a-donation\\\/#primaryimage\",\"url\":\"https:\\\/\\\/vbhi-institute.org\\\/wp-content\\\/uploads\\\/2024\\\/05\\\/a-la-une-vbhi-nous-soutenir.jpg\",\"contentUrl\":\"https:\\\/\\\/vbhi-institute.org\\\/wp-content\\\/uploads\\\/2024\\\/05\\\/a-la-une-vbhi-nous-soutenir.jpg\",\"width\":650,\"height\":392,\"caption\":\"Institut VBHI : Nous soutenir\"},{\"@type\":\"BreadcrumbList\",\"@id\":\"https:\\\/\\\/vbhi-institute.org\\\/en\\\/make-a-donation\\\/#breadcrumb\",\"itemListElement\":[{\"@type\":\"ListItem\",\"position\":1,\"name\":\"Home\",\"item\":\"https:\\\/\\\/vbhi-institute.org\\\/en\\\/\"},{\"@type\":\"ListItem\",\"position\":2,\"name\":\"Make a donation\"}]},{\"@type\":\"WebSite\",\"@id\":\"https:\\\/\\\/vbhi-institute.org\\\/en\\\/#website\",\"url\":\"https:\\\/\\\/vbhi-institute.org\\\/en\\\/\",\"name\":\"VBHI\",\"description\":\"L&#039;institut pour la sant\u00e9 vasculaire c\u00e9r\u00e9brale\",\"publisher\":{\"@id\":\"https:\\\/\\\/vbhi-institute.org\\\/en\\\/#organization\"},\"potentialAction\":[{\"@type\":\"SearchAction\",\"target\":{\"@type\":\"EntryPoint\",\"urlTemplate\":\"https:\\\/\\\/vbhi-institute.org\\\/en\\\/?s={search_term_string}\"},\"query-input\":{\"@type\":\"PropertyValueSpecification\",\"valueRequired\":true,\"valueName\":\"search_term_string\"}}],\"inLanguage\":\"en-US\"},{\"@type\":\"Organization\",\"@id\":\"https:\\\/\\\/vbhi-institute.org\\\/en\\\/#organization\",\"name\":\"VBHI\",\"url\":\"https:\\\/\\\/vbhi-institute.org\\\/en\\\/\",\"logo\":{\"@type\":\"ImageObject\",\"inLanguage\":\"en-US\",\"@id\":\"https:\\\/\\\/vbhi-institute.org\\\/en\\\/#\\\/schema\\\/logo\\\/image\\\/\",\"url\":\"https:\\\/\\\/vbhi-institute.org\\\/wp-content\\\/uploads\\\/2024\\\/04\\\/vbhi-logo.svg\",\"contentUrl\":\"https:\\\/\\\/vbhi-institute.org\\\/wp-content\\\/uploads\\\/2024\\\/04\\\/vbhi-logo.svg\",\"caption\":\"VBHI\"},\"image\":{\"@id\":\"https:\\\/\\\/vbhi-institute.org\\\/en\\\/#\\\/schema\\\/logo\\\/image\\\/\"}}]}<\/script>\n<!-- \/ Yoast SEO plugin. -->","yoast_head_json":{"title":"Your donation, a crucial gift for the Vascular Brain Health Institute | VBHI","description":"Your donation speeds cutting-edge research and the development of new prevention strategies and personalised therapies for stroke and dementia and helps reduce the burden of these diseases worldwide.","robots":{"index":"index","follow":"follow","max-snippet":"max-snippet:-1","max-image-preview":"max-image-preview:large","max-video-preview":"max-video-preview:-1"},"canonical":"https:\/\/vbhi-institute.org\/en\/make-a-donation\/","og_locale":"en_US","og_type":"article","og_title":"Your donation, a crucial gift for the Vascular Brain Health Institute | VBHI","og_description":"Your donation speeds cutting-edge research and the development of new prevention strategies and personalised therapies for stroke and dementia and helps reduce the burden of these diseases worldwide.","og_url":"https:\/\/vbhi-institute.org\/en\/make-a-donation\/","og_site_name":"VBHI","article_modified_time":"2026-03-31T14:38:02+00:00","og_image":[{"width":650,"height":392,"url":"https:\/\/vbhi-institute.org\/wp-content\/uploads\/2024\/05\/a-la-une-vbhi-nous-soutenir.jpg","type":"image\/jpeg"}],"twitter_card":"summary_large_image","twitter_misc":{"Est. reading time":"4 minutes"},"schema":{"@context":"https:\/\/schema.org","@graph":[{"@type":"WebPage","@id":"https:\/\/vbhi-institute.org\/en\/make-a-donation\/","url":"https:\/\/vbhi-institute.org\/en\/make-a-donation\/","name":"Your donation, a crucial gift for the Vascular Brain Health Institute | VBHI","isPartOf":{"@id":"https:\/\/vbhi-institute.org\/en\/#website"},"primaryImageOfPage":{"@id":"https:\/\/vbhi-institute.org\/en\/make-a-donation\/#primaryimage"},"image":{"@id":"https:\/\/vbhi-institute.org\/en\/make-a-donation\/#primaryimage"},"thumbnailUrl":"https:\/\/vbhi-institute.org\/wp-content\/uploads\/2024\/05\/a-la-une-vbhi-nous-soutenir.jpg","datePublished":"2024-05-24T07:58:19+00:00","dateModified":"2026-03-31T14:38:02+00:00","description":"Your donation speeds cutting-edge research and the development of new prevention strategies and personalised therapies for stroke and dementia and helps reduce the burden of these diseases worldwide.","breadcrumb":{"@id":"https:\/\/vbhi-institute.org\/en\/make-a-donation\/#breadcrumb"},"inLanguage":"en-US","potentialAction":[{"@type":"ReadAction","target":["https:\/\/vbhi-institute.org\/en\/make-a-donation\/"]}]},{"@type":"ImageObject","inLanguage":"en-US","@id":"https:\/\/vbhi-institute.org\/en\/make-a-donation\/#primaryimage","url":"https:\/\/vbhi-institute.org\/wp-content\/uploads\/2024\/05\/a-la-une-vbhi-nous-soutenir.jpg","contentUrl":"https:\/\/vbhi-institute.org\/wp-content\/uploads\/2024\/05\/a-la-une-vbhi-nous-soutenir.jpg","width":650,"height":392,"caption":"Institut VBHI : Nous soutenir"},{"@type":"BreadcrumbList","@id":"https:\/\/vbhi-institute.org\/en\/make-a-donation\/#breadcrumb","itemListElement":[{"@type":"ListItem","position":1,"name":"Home","item":"https:\/\/vbhi-institute.org\/en\/"},{"@type":"ListItem","position":2,"name":"Make a donation"}]},{"@type":"WebSite","@id":"https:\/\/vbhi-institute.org\/en\/#website","url":"https:\/\/vbhi-institute.org\/en\/","name":"VBHI","description":"L&#039;institut pour la sant\u00e9 vasculaire c\u00e9r\u00e9brale","publisher":{"@id":"https:\/\/vbhi-institute.org\/en\/#organization"},"potentialAction":[{"@type":"SearchAction","target":{"@type":"EntryPoint","urlTemplate":"https:\/\/vbhi-institute.org\/en\/?s={search_term_string}"},"query-input":{"@type":"PropertyValueSpecification","valueRequired":true,"valueName":"search_term_string"}}],"inLanguage":"en-US"},{"@type":"Organization","@id":"https:\/\/vbhi-institute.org\/en\/#organization","name":"VBHI","url":"https:\/\/vbhi-institute.org\/en\/","logo":{"@type":"ImageObject","inLanguage":"en-US","@id":"https:\/\/vbhi-institute.org\/en\/#\/schema\/logo\/image\/","url":"https:\/\/vbhi-institute.org\/wp-content\/uploads\/2024\/04\/vbhi-logo.svg","contentUrl":"https:\/\/vbhi-institute.org\/wp-content\/uploads\/2024\/04\/vbhi-logo.svg","caption":"VBHI"},"image":{"@id":"https:\/\/vbhi-institute.org\/en\/#\/schema\/logo\/image\/"}}]}},"_links":{"self":[{"href":"https:\/\/vbhi-institute.org\/en\/wp-json\/wp\/v2\/pages\/889","targetHints":{"allow":["GET"]}}],"collection":[{"href":"https:\/\/vbhi-institute.org\/en\/wp-json\/wp\/v2\/pages"}],"about":[{"href":"https:\/\/vbhi-institute.org\/en\/wp-json\/wp\/v2\/types\/page"}],"author":[{"embeddable":true,"href":"https:\/\/vbhi-institute.org\/en\/wp-json\/wp\/v2\/users\/1024"}],"replies":[{"embeddable":true,"href":"https:\/\/vbhi-institute.org\/en\/wp-json\/wp\/v2\/comments?post=889"}],"version-history":[{"count":8,"href":"https:\/\/vbhi-institute.org\/en\/wp-json\/wp\/v2\/pages\/889\/revisions"}],"predecessor-version":[{"id":3685,"href":"https:\/\/vbhi-institute.org\/en\/wp-json\/wp\/v2\/pages\/889\/revisions\/3685"}],"wp:featuredmedia":[{"embeddable":true,"href":"https:\/\/vbhi-institute.org\/en\/wp-json\/wp\/v2\/media\/672"}],"wp:attachment":[{"href":"https:\/\/vbhi-institute.org\/en\/wp-json\/wp\/v2\/media?parent=889"}],"curies":[{"name":"wp","href":"https:\/\/api.w.org\/{rel}","templated":true}]}}