{"id":885,"date":"2024-05-06T10:35:02","date_gmt":"2024-05-06T08:35:02","guid":{"rendered":"https:\/\/vbhi-institute.org\/?page_id=885"},"modified":"2024-06-30T06:56:20","modified_gmt":"2024-06-30T04:56:20","slug":"our-mission","status":"publish","type":"page","link":"https:\/\/vbhi-institute.org\/en\/our-mission\/","title":{"rendered":"Our mission"},"content":{"rendered":"<div class=\"wpb-content-wrapper\">[vc_row el_id=&#8221;row-with-sidebar&#8221;][vc_column width=&#8221;2\/3&#8243;][vc_row_inner][vc_column_inner][vc_column_text css=&#8221;&#8221; el_class=&#8221;intro&#8221;]Maintaining optimal cerebrovascular health is essential for healthy ageing and to fight the risk of stroke and dementia.<br \/>\nIn Bordeaux, the VBHI brings together top research and clinical expertise from neuroscience, public health and cardiology to carry out translational programmes that from go from patients to public health policies. The VBHI\u2019s approaches are based on cutting-edge technologies and infrastructures (omics, AI, imaging, etc.) to invent innovative models for the prevention of cerebrovascular diseases and to share them with the scientific community and as many people as possible.[\/vc_column_text][\/vc_column_inner][\/vc_row_inner][vc_row_inner][vc_column_inner][vc_column_text css=&#8221;&#8221;]Stroke and dementia are two of the VBHI\u2019s key targets. These extremely common neurological vascular diseases are one of the main threats to brain health and are strongly affected by health inequalities.<\/p>\n<p>Stroke is the 2nd leading cause of death worldwide, affecting 100 million people. Dementia affects 57 million people, a figure that could triple by 2050.<\/p>\n<p>Since its inception, the Institute has been designed to be part of a global network of expertise encompassing its partners in the South, particularly in Africa, to maximise scientific progress and ensure that the world&#8217;s most vulnerable populations benefit from it.<\/p>\n<h2>The VBHI, an internationally active centre of excellence for research, prevention, care, training and technological innovation<\/h2>\n[\/vc_column_text][\/vc_column_inner][\/vc_row_inner][vc_row_inner][vc_column_inner][vc_column_text css=&#8221;&#8221; el_class=&#8221;intro&#8221;]As a pioneer in the fight against the most common neurological diseases, the VBHI is pursuing four major missions to achieve its goal of preventing stroke and dementia and promoting healthy brain ageing:[\/vc_column_text][\/vc_column_inner][\/vc_row_inner][vc_row_inner][vc_column_inner width=&#8221;1\/2&#8243;][vc_column_text css=&#8221;&#8221;]1 &#8211; Precision public health approaches that take into account the diversity of people and the environments they live in.<\/p>\n<p><a href=\"https:\/\/vbhi-institute.org\/en\/program\/vbhi-translational-omics-center\/\">Learn more<\/a>[\/vc_column_text][\/vc_column_inner][vc_column_inner width=&#8221;1\/2&#8243;][vc_column_text css=&#8221;&#8221;]2 &#8211; Scientific research aimed at elucidating the complex mechanisms of cerebrovascular diseases to develop and test new strategies for prevention and personalised, &#8220;precision,&#8221; therapies.<\/p>\n<p><a href=\"https:\/\/vbhi-institute.org\/en\/research-and-innovation\/\">Learn more<\/a>[\/vc_column_text][\/vc_column_inner][\/vc_row_inner][vc_row_inner][vc_column_inner width=&#8221;1\/2&#8243;][vc_column_text css=&#8221;&#8221;]3 &#8211; New best practices and social and organisational innovation to reduce health inequalities localy and worldwide.<\/p>\n<p><a href=\"https:\/\/vbhi-institute.org\/en\/prevention-and-care\/\">Learn more<\/a>[\/vc_column_text][\/vc_column_inner][vc_column_inner width=&#8221;1\/2&#8243;][vc_column_text css=&#8221;&#8221;]4 &#8211; Novel and ambitious training and outreach programmes built off solid foundations in public health, data science and neuroscience<\/p>\n<p><a href=\"https:\/\/vbhi-institute.org\/en\/formation-et-diffusion\/\">Learn more<\/a>[\/vc_column_text][\/vc_column_inner][\/vc_row_inner][\/vc_column][vc_column width=&#8221;1\/3&#8243;][vc_widget_sidebar sidebar_id=&#8221;sidebar&#8221;][\/vc_column][\/vc_row][vc_row el_id=&#8221;banniere-page-connexes&#8221;][vc_column]<div class=\"wpex-post-cards wpex-post-cards-blog_5 wpex-relative\"><div class=\"wpex-post-cards-inner\"><div class=\"wpex-post-cards-loop wpex-post-cards-grid wpex-row wpex-clr\"><div class=\"wpex-post-cards-entry col col-1 span_1_of_3 post-1057 type-page translation_priority-7\"><div class=\"wpex-card wpex-card-blog_5\"><div class=\"wpex-card-media wpex-mb-15 overlay-parent overlay-parent-1\"><div class=\"wpex-card-thumbnail wpex-relative\"><a href=\"https:\/\/vbhi-institute.org\/en\/news\/\"><img width=\"650\" height=\"392\" src=\"https:\/\/vbhi-institute.org\/wp-content\/uploads\/2024\/05\/a-la-une-vbhi-actualites.jpg\" class=\"wpex-align-middle\" alt=\"Institut VBHI : Les actualit\u00e9s\" loading=\"lazy\" decoding=\"async\" srcset=\"https:\/\/vbhi-institute.org\/wp-content\/uploads\/2024\/05\/a-la-une-vbhi-actualites.jpg 650w, https:\/\/vbhi-institute.org\/wp-content\/uploads\/2024\/05\/a-la-une-vbhi-actualites-300x181.jpg 300w\" sizes=\"auto, (max-width: 650px) 100vw, 650px\" \/><\/a><\/div><\/div><h2 class=\"wpex-card-title wpex-heading wpex-text-lg\"><a href=\"https:\/\/vbhi-institute.org\/en\/news\/\">News<\/a><\/h2><\/div><\/div><div class=\"wpex-post-cards-entry col col-2 span_1_of_3 post-889 type-page translation_priority-7\"><div class=\"wpex-card wpex-card-blog_5\"><div class=\"wpex-card-media wpex-mb-15 overlay-parent overlay-parent-1\"><div class=\"wpex-card-thumbnail wpex-relative\"><a href=\"https:\/\/vbhi-institute.org\/en\/make-a-donation\/\"><img width=\"650\" height=\"392\" src=\"https:\/\/vbhi-institute.org\/wp-content\/uploads\/2024\/05\/a-la-une-vbhi-nous-soutenir.jpg\" class=\"wpex-align-middle\" alt=\"Institut VBHI : Nous soutenir\" loading=\"lazy\" decoding=\"async\" srcset=\"https:\/\/vbhi-institute.org\/wp-content\/uploads\/2024\/05\/a-la-une-vbhi-nous-soutenir.jpg 650w, https:\/\/vbhi-institute.org\/wp-content\/uploads\/2024\/05\/a-la-une-vbhi-nous-soutenir-300x181.jpg 300w\" sizes=\"auto, (max-width: 650px) 100vw, 650px\" \/><\/a><\/div><\/div><h2 class=\"wpex-card-title wpex-heading wpex-text-lg\"><a href=\"https:\/\/vbhi-institute.org\/en\/make-a-donation\/\">Make a donation<\/a><\/h2><\/div><\/div><div class=\"wpex-post-cards-entry col col-3 span_1_of_3 post-923 type-page translation_priority-7\"><div class=\"wpex-card wpex-card-blog_5\"><div class=\"wpex-card-media wpex-mb-15 overlay-parent overlay-parent-1\"><div class=\"wpex-card-thumbnail wpex-relative\"><a href=\"https:\/\/vbhi-institute.org\/en\/flagship-programmes\/\"><img width=\"650\" height=\"392\" src=\"https:\/\/vbhi-institute.org\/wp-content\/uploads\/2024\/05\/a-la-une-vbhi-programmes-emblematiques.jpg\" class=\"wpex-align-middle\" alt=\"Institut VBHI : Les programmes embl\u00e9matiques\" loading=\"lazy\" decoding=\"async\" srcset=\"https:\/\/vbhi-institute.org\/wp-content\/uploads\/2024\/05\/a-la-une-vbhi-programmes-emblematiques.jpg 650w, https:\/\/vbhi-institute.org\/wp-content\/uploads\/2024\/05\/a-la-une-vbhi-programmes-emblematiques-300x181.jpg 300w\" sizes=\"auto, (max-width: 650px) 100vw, 650px\" \/><\/a><\/div><\/div><h2 class=\"wpex-card-title wpex-heading wpex-text-lg\"><a href=\"https:\/\/vbhi-institute.org\/en\/flagship-programmes\/\">Flagship Programmes<\/a><\/h2><\/div><\/div><\/div><\/div><\/div>[\/vc_column][\/vc_row][vc_row full_width=&#8221;stretch_row_content&#8221;][vc_column css=&#8221;.vc_custom_1715003209056{margin-bottom: 0px !important;}&#8221;]<div class=\"wpex-template-shortcode\"><style type=\"text\/css\" data-type=\"vc_shortcodes-custom-css\">.vc_custom_1715002980325{margin-bottom: 0px !important;}<\/style><div id=\"partial-bannier-soutenir\" class=\"vc_row wpb_row vc_row-fluid wpex-vc-full-width-row wpex-vc-full-width-row--centered wpex-relative\"><div class=\"wpb_column vc_column_container vc_col-sm-12\"><div class=\"vc_column-inner vc_custom_1715002980325\"><div class=\"wpb_wrapper\"><div class=\"vcex-heading vcex-heading-plain vcex-module wpex-heading wpex-text-2xl\"><span class=\"vcex-heading-inner wpex-inline-block\">How can you support the Institute?<\/span><\/div><div class=\"vcex-spacing wpex-w-100 wpex-clear\" style=\"height:30px;\"><\/div>\n\t<div class=\"wpb_text_column wpb_content_element intro\" >\n\t\t<div class=\"wpb_wrapper\">\n\t\t\t<p>Your help is essential in the fight against stroke and dementia, and for the promotion of healthy brain ageing.<\/p>\n\n\t\t<\/div>\n\t<\/div>\n<div class=\"vcex-spacing wpex-w-100 wpex-clear\" style=\"height:30px;\"><\/div>\n\t<div class=\"wpb_text_column wpb_content_element\" >\n\t\t<div class=\"wpb_wrapper\">\n\t\t\t<p>By supporting cutting-edge research to develop new prevention strategies and personalised therapies for vascular brain diseases, you are helping reduce the burden of these diseases worldwide.<\/p>\n\n\t\t<\/div>\n\t<\/div>\n<div class=\"theme-button-wrap textcenter wpex-clr\"><a href=\"https:\/\/vbhi-institute.org\/en\/make-a-donation\/\" class=\"vcex-button theme-button align-center inline\"><span class=\"vcex-button-inner theme-button-inner wpex-flex wpex-flex-wrap wpex-items-center wpex-justify-center\"><span class=\"vcex-button-icon vcex-icon-wrap theme-button-icon-left\"><span class=\"wpex-icon\" aria-hidden=\"true\"><svg xmlns=\"http:\/\/www.w3.org\/2000\/svg\" viewBox=\"0 0 512 512\"><path d=\"M47.6 300.4L228.3 469.1c7.5 7 17.4 10.9 27.7 10.9s20.2-3.9 27.7-10.9L464.4 300.4c30.4-28.3 47.6-68 47.6-109.5v-5.8c0-69.9-50.5-129.5-119.4-141C347 36.5 300.6 51.4 268 84L256 96 244 84c-32.6-32.6-79-47.5-124.6-39.9C50.5 55.6 0 115.2 0 185.1v5.8c0 41.5 17.2 81.2 47.6 109.5z\"\/><\/svg><\/span><\/span>I WANT TO DONATE!<\/span><\/a><\/div> \n\t<div style=\"text-align:center;\" class=\"wpb_text_column wpb_content_element\" >\n\t\t<div class=\"wpb_wrapper\">\n\t\t\t<p style=\"text-align: left\">Your donation entitles you to a tax reduction.<br \/>\n<em>E.g.: If I am taxable and I donate \u20ac50, my donation will only cost me \u20ac12 after tax reduction.<\/em><\/p>\n\n\t\t<\/div>\n\t<\/div>\n<\/div><\/div><\/div><\/div>\n<\/div>[\/vc_column][\/vc_row]\n<\/div>","protected":false},"excerpt":{"rendered":"These eight flagship programmes will help kick off the VBHI\u2019s efforts to fight against the most common neurological diseases: stroke and dementia. VBHI &#8211; Imaging &#038; AI CentreTechnological innovation centre dedicated to imaging and artificial intelligence applied to cerebrovascular diseases. VBHI &#8211; Translational Omics CentreInnovation centre for the translational analysis of multi-omics data linked to&hellip;","protected":false},"author":1024,"featured_media":670,"parent":0,"menu_order":0,"comment_status":"closed","ping_status":"closed","template":"","meta":{"inline_featured_image":false,"footnotes":""},"class_list":["post-885","page","type-page","status-publish","has-post-thumbnail","hentry","entry","has-media"],"yoast_head":"<!-- This site is optimized with the Yoast SEO plugin v27.3 - https:\/\/yoast.com\/product\/yoast-seo-wordpress\/ -->\n<title>Prevention and personalised management of cerebrovascular disease, stroke and cerebral ageing, a new scientific model | VBHI<\/title>\n<meta name=\"description\" content=\"The Vascular Brain Health Institute is creating a new paradigm for preventing strokes and dementia: developing precision public health approaches, conducting innovative scientific research and deploying ambitious training programmes in public health, data science and neuroscience.\" \/>\n<meta name=\"robots\" content=\"index, follow, max-snippet:-1, max-image-preview:large, max-video-preview:-1\" \/>\n<link rel=\"canonical\" href=\"https:\/\/vbhi-institute.org\/en\/our-mission\/\" \/>\n<meta property=\"og:locale\" content=\"en_US\" \/>\n<meta property=\"og:type\" content=\"article\" \/>\n<meta property=\"og:title\" content=\"Prevention and personalised management of cerebrovascular disease, stroke and cerebral ageing, a new scientific model | VBHI\" \/>\n<meta property=\"og:description\" content=\"The Vascular Brain Health Institute is creating a new paradigm for preventing strokes and dementia: developing precision public health approaches, conducting innovative scientific research and deploying ambitious training programmes in public health, data science and neuroscience.\" \/>\n<meta property=\"og:url\" content=\"https:\/\/vbhi-institute.org\/en\/our-mission\/\" \/>\n<meta property=\"og:site_name\" content=\"VBHI\" \/>\n<meta property=\"article:modified_time\" content=\"2024-06-30T04:56:20+00:00\" \/>\n<meta property=\"og:image\" content=\"https:\/\/vbhi-institute.org\/wp-content\/uploads\/2024\/05\/a-la-une-vbhi-notre-mission.jpg\" \/>\n\t<meta property=\"og:image:width\" content=\"650\" \/>\n\t<meta property=\"og:image:height\" content=\"392\" \/>\n\t<meta property=\"og:image:type\" content=\"image\/jpeg\" \/>\n<meta name=\"twitter:card\" content=\"summary_large_image\" \/>\n<meta name=\"twitter:label1\" content=\"Est. reading time\" \/>\n\t<meta name=\"twitter:data1\" content=\"2 minutes\" \/>\n<script type=\"application\/ld+json\" class=\"yoast-schema-graph\">{\"@context\":\"https:\\\/\\\/schema.org\",\"@graph\":[{\"@type\":\"WebPage\",\"@id\":\"https:\\\/\\\/vbhi-institute.org\\\/en\\\/our-mission\\\/\",\"url\":\"https:\\\/\\\/vbhi-institute.org\\\/en\\\/our-mission\\\/\",\"name\":\"Prevention and personalised management of cerebrovascular disease, stroke and cerebral ageing, a new scientific model | VBHI\",\"isPartOf\":{\"@id\":\"https:\\\/\\\/vbhi-institute.org\\\/en\\\/#website\"},\"primaryImageOfPage\":{\"@id\":\"https:\\\/\\\/vbhi-institute.org\\\/en\\\/our-mission\\\/#primaryimage\"},\"image\":{\"@id\":\"https:\\\/\\\/vbhi-institute.org\\\/en\\\/our-mission\\\/#primaryimage\"},\"thumbnailUrl\":\"https:\\\/\\\/vbhi-institute.org\\\/wp-content\\\/uploads\\\/2024\\\/05\\\/a-la-une-vbhi-notre-mission.jpg\",\"datePublished\":\"2024-05-06T08:35:02+00:00\",\"dateModified\":\"2024-06-30T04:56:20+00:00\",\"description\":\"The Vascular Brain Health Institute is creating a new paradigm for preventing strokes and dementia: developing precision public health approaches, conducting innovative scientific research and deploying ambitious training programmes in public health, data science and neuroscience.\",\"breadcrumb\":{\"@id\":\"https:\\\/\\\/vbhi-institute.org\\\/en\\\/our-mission\\\/#breadcrumb\"},\"inLanguage\":\"en-US\",\"potentialAction\":[{\"@type\":\"ReadAction\",\"target\":[\"https:\\\/\\\/vbhi-institute.org\\\/en\\\/our-mission\\\/\"]}]},{\"@type\":\"ImageObject\",\"inLanguage\":\"en-US\",\"@id\":\"https:\\\/\\\/vbhi-institute.org\\\/en\\\/our-mission\\\/#primaryimage\",\"url\":\"https:\\\/\\\/vbhi-institute.org\\\/wp-content\\\/uploads\\\/2024\\\/05\\\/a-la-une-vbhi-notre-mission.jpg\",\"contentUrl\":\"https:\\\/\\\/vbhi-institute.org\\\/wp-content\\\/uploads\\\/2024\\\/05\\\/a-la-une-vbhi-notre-mission.jpg\",\"width\":650,\"height\":392,\"caption\":\"Institut VBHI : Notre mission\"},{\"@type\":\"BreadcrumbList\",\"@id\":\"https:\\\/\\\/vbhi-institute.org\\\/en\\\/our-mission\\\/#breadcrumb\",\"itemListElement\":[{\"@type\":\"ListItem\",\"position\":1,\"name\":\"Home\",\"item\":\"https:\\\/\\\/vbhi-institute.org\\\/en\\\/\"},{\"@type\":\"ListItem\",\"position\":2,\"name\":\"Our mission\"}]},{\"@type\":\"WebSite\",\"@id\":\"https:\\\/\\\/vbhi-institute.org\\\/en\\\/#website\",\"url\":\"https:\\\/\\\/vbhi-institute.org\\\/en\\\/\",\"name\":\"VBHI\",\"description\":\"L&#039;institut pour la sant\u00e9 vasculaire c\u00e9r\u00e9brale\",\"publisher\":{\"@id\":\"https:\\\/\\\/vbhi-institute.org\\\/en\\\/#organization\"},\"potentialAction\":[{\"@type\":\"SearchAction\",\"target\":{\"@type\":\"EntryPoint\",\"urlTemplate\":\"https:\\\/\\\/vbhi-institute.org\\\/en\\\/?s={search_term_string}\"},\"query-input\":{\"@type\":\"PropertyValueSpecification\",\"valueRequired\":true,\"valueName\":\"search_term_string\"}}],\"inLanguage\":\"en-US\"},{\"@type\":\"Organization\",\"@id\":\"https:\\\/\\\/vbhi-institute.org\\\/en\\\/#organization\",\"name\":\"VBHI\",\"url\":\"https:\\\/\\\/vbhi-institute.org\\\/en\\\/\",\"logo\":{\"@type\":\"ImageObject\",\"inLanguage\":\"en-US\",\"@id\":\"https:\\\/\\\/vbhi-institute.org\\\/en\\\/#\\\/schema\\\/logo\\\/image\\\/\",\"url\":\"https:\\\/\\\/vbhi-institute.org\\\/wp-content\\\/uploads\\\/2024\\\/04\\\/vbhi-logo.svg\",\"contentUrl\":\"https:\\\/\\\/vbhi-institute.org\\\/wp-content\\\/uploads\\\/2024\\\/04\\\/vbhi-logo.svg\",\"caption\":\"VBHI\"},\"image\":{\"@id\":\"https:\\\/\\\/vbhi-institute.org\\\/en\\\/#\\\/schema\\\/logo\\\/image\\\/\"}}]}<\/script>\n<!-- \/ Yoast SEO plugin. -->","yoast_head_json":{"title":"Prevention and personalised management of cerebrovascular disease, stroke and cerebral ageing, a new scientific model | VBHI","description":"The Vascular Brain Health Institute is creating a new paradigm for preventing strokes and dementia: developing precision public health approaches, conducting innovative scientific research and deploying ambitious training programmes in public health, data science and neuroscience.","robots":{"index":"index","follow":"follow","max-snippet":"max-snippet:-1","max-image-preview":"max-image-preview:large","max-video-preview":"max-video-preview:-1"},"canonical":"https:\/\/vbhi-institute.org\/en\/our-mission\/","og_locale":"en_US","og_type":"article","og_title":"Prevention and personalised management of cerebrovascular disease, stroke and cerebral ageing, a new scientific model | VBHI","og_description":"The Vascular Brain Health Institute is creating a new paradigm for preventing strokes and dementia: developing precision public health approaches, conducting innovative scientific research and deploying ambitious training programmes in public health, data science and neuroscience.","og_url":"https:\/\/vbhi-institute.org\/en\/our-mission\/","og_site_name":"VBHI","article_modified_time":"2024-06-30T04:56:20+00:00","og_image":[{"width":650,"height":392,"url":"https:\/\/vbhi-institute.org\/wp-content\/uploads\/2024\/05\/a-la-une-vbhi-notre-mission.jpg","type":"image\/jpeg"}],"twitter_card":"summary_large_image","twitter_misc":{"Est. reading time":"2 minutes"},"schema":{"@context":"https:\/\/schema.org","@graph":[{"@type":"WebPage","@id":"https:\/\/vbhi-institute.org\/en\/our-mission\/","url":"https:\/\/vbhi-institute.org\/en\/our-mission\/","name":"Prevention and personalised management of cerebrovascular disease, stroke and cerebral ageing, a new scientific model | VBHI","isPartOf":{"@id":"https:\/\/vbhi-institute.org\/en\/#website"},"primaryImageOfPage":{"@id":"https:\/\/vbhi-institute.org\/en\/our-mission\/#primaryimage"},"image":{"@id":"https:\/\/vbhi-institute.org\/en\/our-mission\/#primaryimage"},"thumbnailUrl":"https:\/\/vbhi-institute.org\/wp-content\/uploads\/2024\/05\/a-la-une-vbhi-notre-mission.jpg","datePublished":"2024-05-06T08:35:02+00:00","dateModified":"2024-06-30T04:56:20+00:00","description":"The Vascular Brain Health Institute is creating a new paradigm for preventing strokes and dementia: developing precision public health approaches, conducting innovative scientific research and deploying ambitious training programmes in public health, data science and neuroscience.","breadcrumb":{"@id":"https:\/\/vbhi-institute.org\/en\/our-mission\/#breadcrumb"},"inLanguage":"en-US","potentialAction":[{"@type":"ReadAction","target":["https:\/\/vbhi-institute.org\/en\/our-mission\/"]}]},{"@type":"ImageObject","inLanguage":"en-US","@id":"https:\/\/vbhi-institute.org\/en\/our-mission\/#primaryimage","url":"https:\/\/vbhi-institute.org\/wp-content\/uploads\/2024\/05\/a-la-une-vbhi-notre-mission.jpg","contentUrl":"https:\/\/vbhi-institute.org\/wp-content\/uploads\/2024\/05\/a-la-une-vbhi-notre-mission.jpg","width":650,"height":392,"caption":"Institut VBHI : Notre mission"},{"@type":"BreadcrumbList","@id":"https:\/\/vbhi-institute.org\/en\/our-mission\/#breadcrumb","itemListElement":[{"@type":"ListItem","position":1,"name":"Home","item":"https:\/\/vbhi-institute.org\/en\/"},{"@type":"ListItem","position":2,"name":"Our mission"}]},{"@type":"WebSite","@id":"https:\/\/vbhi-institute.org\/en\/#website","url":"https:\/\/vbhi-institute.org\/en\/","name":"VBHI","description":"L&#039;institut pour la sant\u00e9 vasculaire c\u00e9r\u00e9brale","publisher":{"@id":"https:\/\/vbhi-institute.org\/en\/#organization"},"potentialAction":[{"@type":"SearchAction","target":{"@type":"EntryPoint","urlTemplate":"https:\/\/vbhi-institute.org\/en\/?s={search_term_string}"},"query-input":{"@type":"PropertyValueSpecification","valueRequired":true,"valueName":"search_term_string"}}],"inLanguage":"en-US"},{"@type":"Organization","@id":"https:\/\/vbhi-institute.org\/en\/#organization","name":"VBHI","url":"https:\/\/vbhi-institute.org\/en\/","logo":{"@type":"ImageObject","inLanguage":"en-US","@id":"https:\/\/vbhi-institute.org\/en\/#\/schema\/logo\/image\/","url":"https:\/\/vbhi-institute.org\/wp-content\/uploads\/2024\/04\/vbhi-logo.svg","contentUrl":"https:\/\/vbhi-institute.org\/wp-content\/uploads\/2024\/04\/vbhi-logo.svg","caption":"VBHI"},"image":{"@id":"https:\/\/vbhi-institute.org\/en\/#\/schema\/logo\/image\/"}}]}},"_links":{"self":[{"href":"https:\/\/vbhi-institute.org\/en\/wp-json\/wp\/v2\/pages\/885","targetHints":{"allow":["GET"]}}],"collection":[{"href":"https:\/\/vbhi-institute.org\/en\/wp-json\/wp\/v2\/pages"}],"about":[{"href":"https:\/\/vbhi-institute.org\/en\/wp-json\/wp\/v2\/types\/page"}],"author":[{"embeddable":true,"href":"https:\/\/vbhi-institute.org\/en\/wp-json\/wp\/v2\/users\/1024"}],"replies":[{"embeddable":true,"href":"https:\/\/vbhi-institute.org\/en\/wp-json\/wp\/v2\/comments?post=885"}],"version-history":[{"count":5,"href":"https:\/\/vbhi-institute.org\/en\/wp-json\/wp\/v2\/pages\/885\/revisions"}],"predecessor-version":[{"id":1362,"href":"https:\/\/vbhi-institute.org\/en\/wp-json\/wp\/v2\/pages\/885\/revisions\/1362"}],"wp:featuredmedia":[{"embeddable":true,"href":"https:\/\/vbhi-institute.org\/en\/wp-json\/wp\/v2\/media\/670"}],"wp:attachment":[{"href":"https:\/\/vbhi-institute.org\/en\/wp-json\/wp\/v2\/media?parent=885"}],"curies":[{"name":"wp","href":"https:\/\/api.w.org\/{rel}","templated":true}]}}