{"id":1051,"date":"2024-05-27T12:01:59","date_gmt":"2024-05-27T10:01:59","guid":{"rendered":"https:\/\/vbhi-institute.org\/?page_id=1051"},"modified":"2025-12-10T15:40:54","modified_gmt":"2025-12-10T14:40:54","slug":"join-us","status":"publish","type":"page","link":"https:\/\/vbhi-institute.org\/en\/join-us\/","title":{"rendered":"Join us"},"content":{"rendered":"<div class=\"wpb-content-wrapper\">[vc_row el_id=&#8221;row-with-sidebar&#8221;][vc_column width=&#8221;2\/3&#8243;][vc_column_text css=&#8221;&#8221; el_class=&#8221;intro&#8221;]Working at the VBHI means joining people who share the same objective: to drive research on stroke and dementia forward, fostering healthy brain ageing for everyone in France and throughout the world.[\/vc_column_text][vc_row_inner][vc_column_inner][vc_column_text css=&#8221;&#8221;]\n<h2>A committed multidisciplinary team<\/h2>\n<p>The VBHI team is made up of experts driven by a shared vision of better brain health for all. This includes highly qualified researchers and experienced professionals (engineers, technicians, project managers).<\/p>\n<h2>Well-being and quality of life at work<\/h2>\n<p>Everyone&#8217;s well-being and quality of life at work are at the heart of the Institute&#8217;s human resources policies.<br \/>\nHome office is encouraged (within regulatory limits). Whenever assignments allow for it, working hours can be adjusted.<\/p>\n<h2>An exceptional work environment<\/h2>\n<p>Located in a beautiful region, the VBHI prides itself on offering a high-quality work environment.<\/p>\n<p>VBHI is hiring!<\/p>\n<ul>\n<li>Electroradiology Technician M\/F. To apply, please follow the application procedures outlined in <a href=\"https:\/\/www.u-bordeaux.fr\/universite\/travailler-a-l-universite\/offres-demploi\/manipulateur-en-electroradiologie-fh\" target=\"_blank\" rel=\"noopener\">the job posting available by clicking here<\/a>.<\/li>\n<\/ul>\n<p>&nbsp;<\/p>\n<ul>\n<li>Post-doctoral contract \u2013 topic &#8220;Machine learning-guided behavioral phenotyping of cSVD rodent models for early diagnosis and therapeutic discovery&#8221;, to apply, please contact Bruno Bontempi by e-mail &#8211; <a href=\"mailto:bruno.bontempi@u-bordeaux.fr\">bruno.bontempi@u-bordeaux.fr<\/a><\/li>\n<li>Post-doctoral contract \u2013 topic &#8220;Cognitive recovery after stroke: Analysis of interactions between acute injury and cerebral small vessel\u00a0 disease&#8221;, to apply, please contact Bertrand Glize by e-mail &#8211; <a href=\"mailto:bertrand.glize@u-bordeaux.fr\">bertrand.glize@u-bordeaux.fr<\/a><\/li>\n<li>Post-doctoral contract \u2013 topic &#8220;Modeling heterogeneity and progression of cerebral small vessel disease and deciphering the role of glymphatic function using multi-modal neuroimaging&#8221;, to apply, please contact Ami Tsuchida by e-mail &#8211; <a href=\"mailto:ami.tsuchida@u-bordeaux.fr\">ami.tsuchida@u-bordeaux.fr<\/a><\/li>\n<li>Post-doctoral contract \u2013 topic &#8220;Identification de potentiels repositionnements m\u00e9dicamenteux dans la d\u00e9pression post-AVC&#8221;, to apply, please contact Adeline Degremont by e-mail &#8211; <a href=\"mailto:adeline.degremont@u-bordeaux.fr\">adeline.degremont@u-bordeaux.fr<\/a><\/li>\n<li>Post-doctoral contract \u2013 topic &#8220;LightBoost: Enhancing Frontal Executive Function in Cerebral Small Vessel Disease Using Photobiostimulation and Portable Neuroimaging&#8221;, to apply, please contact Michel Thiebaut de Schotten by e-mail &#8211; <a href=\"mailto:michel.thiebaut@gmail.com\">michel.thiebaut@gmail.com<\/a><\/li>\n<\/ul>\n<p>&nbsp;<\/p>\n<p>You can send unsolicited applications to <a href=\"mailto:contact@vbhi-institute.org\">contact@vbhi-institute.org<\/a>[\/vc_column_text][\/vc_column_inner][\/vc_row_inner][\/vc_column][vc_column width=&#8221;1\/3&#8243;][vc_widget_sidebar sidebar_id=&#8221;sidebar&#8221;][\/vc_column][\/vc_row][vc_row el_id=&#8221;banniere-page-connexes&#8221;][vc_column]<div class=\"wpex-post-cards wpex-post-cards-blog_5 wpex-relative\"><div class=\"wpex-post-cards-inner\"><div class=\"wpex-post-cards-loop wpex-post-cards-grid wpex-row wpex-clr\"><div class=\"wpex-post-cards-entry col col-1 span_1_of_3 post-992 type-page translation_priority-7\"><div class=\"wpex-card wpex-card-blog_5\"><div class=\"wpex-card-media wpex-mb-15 overlay-parent overlay-parent-1\"><div class=\"wpex-card-thumbnail wpex-relative\"><a href=\"https:\/\/vbhi-institute.org\/en\/team\/\"><img width=\"650\" height=\"392\" src=\"https:\/\/vbhi-institute.org\/wp-content\/uploads\/2024\/05\/a-la-une-vbhi-equipe.jpg\" class=\"wpex-align-middle\" alt=\"Institut VBHI : L&#039;\u00e9quipe\" loading=\"lazy\" decoding=\"async\" srcset=\"https:\/\/vbhi-institute.org\/wp-content\/uploads\/2024\/05\/a-la-une-vbhi-equipe.jpg 650w, https:\/\/vbhi-institute.org\/wp-content\/uploads\/2024\/05\/a-la-une-vbhi-equipe-300x181.jpg 300w\" sizes=\"auto, (max-width: 650px) 100vw, 650px\" \/><\/a><\/div><\/div><h2 class=\"wpex-card-title wpex-heading wpex-text-lg\"><a href=\"https:\/\/vbhi-institute.org\/en\/team\/\">Team<\/a><\/h2><\/div><\/div><div class=\"wpex-post-cards-entry col col-2 span_1_of_3 post-885 type-page translation_priority-7\"><div class=\"wpex-card wpex-card-blog_5\"><div class=\"wpex-card-media wpex-mb-15 overlay-parent overlay-parent-1\"><div class=\"wpex-card-thumbnail wpex-relative\"><a href=\"https:\/\/vbhi-institute.org\/en\/our-mission\/\"><img width=\"650\" height=\"392\" src=\"https:\/\/vbhi-institute.org\/wp-content\/uploads\/2024\/05\/a-la-une-vbhi-notre-mission.jpg\" class=\"wpex-align-middle\" alt=\"Institut VBHI : Notre mission\" loading=\"lazy\" decoding=\"async\" srcset=\"https:\/\/vbhi-institute.org\/wp-content\/uploads\/2024\/05\/a-la-une-vbhi-notre-mission.jpg 650w, https:\/\/vbhi-institute.org\/wp-content\/uploads\/2024\/05\/a-la-une-vbhi-notre-mission-300x181.jpg 300w\" sizes=\"auto, (max-width: 650px) 100vw, 650px\" \/><\/a><\/div><\/div><h2 class=\"wpex-card-title wpex-heading wpex-text-lg\"><a href=\"https:\/\/vbhi-institute.org\/en\/our-mission\/\">Our mission<\/a><\/h2><\/div><\/div><div class=\"wpex-post-cards-entry col col-3 span_1_of_3 post-1049 type-page translation_priority-7\"><div class=\"wpex-card wpex-card-blog_5\"><div class=\"wpex-card-media wpex-mb-15 overlay-parent overlay-parent-1\"><div class=\"wpex-card-thumbnail wpex-relative\"><a href=\"https:\/\/vbhi-institute.org\/en\/vascular-brain-diseases\/\"><img width=\"650\" height=\"392\" src=\"https:\/\/vbhi-institute.org\/wp-content\/uploads\/2024\/06\/a-la-une-les-maladies-vasculaires-cerebrales.jpg\" class=\"wpex-align-middle\" alt=\"VBHI: Vascular Brain Diseases\" loading=\"lazy\" decoding=\"async\" srcset=\"https:\/\/vbhi-institute.org\/wp-content\/uploads\/2024\/06\/a-la-une-les-maladies-vasculaires-cerebrales.jpg 650w, https:\/\/vbhi-institute.org\/wp-content\/uploads\/2024\/06\/a-la-une-les-maladies-vasculaires-cerebrales-300x181.jpg 300w\" sizes=\"auto, (max-width: 650px) 100vw, 650px\" \/><\/a><\/div><\/div><h2 class=\"wpex-card-title wpex-heading wpex-text-lg\"><a href=\"https:\/\/vbhi-institute.org\/en\/vascular-brain-diseases\/\">Vascular Brain Diseases<\/a><\/h2><\/div><\/div><\/div><\/div><\/div>[\/vc_column][\/vc_row][vc_row full_width=&#8221;stretch_row_content&#8221;][vc_column css=&#8221;.vc_custom_1715003209056{margin-bottom: 0px !important;}&#8221;]<div class=\"wpex-template-shortcode\"><style type=\"text\/css\" data-type=\"vc_shortcodes-custom-css\">.vc_custom_1715002980325{margin-bottom: 0px !important;}<\/style><div id=\"partial-bannier-soutenir\" class=\"vc_row wpb_row vc_row-fluid wpex-vc-full-width-row wpex-vc-full-width-row--centered wpex-relative\"><div class=\"wpb_column vc_column_container vc_col-sm-12\"><div class=\"vc_column-inner vc_custom_1715002980325\"><div class=\"wpb_wrapper\"><div class=\"vcex-heading vcex-heading-plain vcex-module wpex-heading wpex-text-2xl\"><span class=\"vcex-heading-inner wpex-inline-block\">How can you support the Institute?<\/span><\/div><div class=\"vcex-spacing wpex-w-100 wpex-clear\" style=\"height:30px;\"><\/div>\n\t<div class=\"wpb_text_column wpb_content_element intro\" >\n\t\t<div class=\"wpb_wrapper\">\n\t\t\t<p>Your help is essential in the fight against stroke and dementia, and for the promotion of healthy brain ageing.<\/p>\n\n\t\t<\/div>\n\t<\/div>\n<div class=\"vcex-spacing wpex-w-100 wpex-clear\" style=\"height:30px;\"><\/div>\n\t<div class=\"wpb_text_column wpb_content_element\" >\n\t\t<div class=\"wpb_wrapper\">\n\t\t\t<p>By supporting cutting-edge research to develop new prevention strategies and personalised therapies for vascular brain diseases, you are helping reduce the burden of these diseases worldwide.<\/p>\n\n\t\t<\/div>\n\t<\/div>\n<div class=\"theme-button-wrap textcenter wpex-clr\"><a href=\"https:\/\/vbhi-institute.org\/en\/make-a-donation\/\" class=\"vcex-button theme-button align-center inline\"><span class=\"vcex-button-inner theme-button-inner wpex-flex wpex-flex-wrap wpex-items-center wpex-justify-center\"><span class=\"vcex-button-icon vcex-icon-wrap theme-button-icon-left\"><span class=\"wpex-icon\" aria-hidden=\"true\"><svg xmlns=\"http:\/\/www.w3.org\/2000\/svg\" viewBox=\"0 0 512 512\"><path d=\"M47.6 300.4L228.3 469.1c7.5 7 17.4 10.9 27.7 10.9s20.2-3.9 27.7-10.9L464.4 300.4c30.4-28.3 47.6-68 47.6-109.5v-5.8c0-69.9-50.5-129.5-119.4-141C347 36.5 300.6 51.4 268 84L256 96 244 84c-32.6-32.6-79-47.5-124.6-39.9C50.5 55.6 0 115.2 0 185.1v5.8c0 41.5 17.2 81.2 47.6 109.5z\"\/><\/svg><\/span><\/span>I WANT TO DONATE!<\/span><\/a><\/div> \n\t<div style=\"text-align:center;\" class=\"wpb_text_column wpb_content_element\" >\n\t\t<div class=\"wpb_wrapper\">\n\t\t\t<p style=\"text-align: left\">Your donation entitles you to a tax reduction.<br \/>\n<em>E.g.: If I am taxable and I donate \u20ac50, my donation will only cost me \u20ac12 after tax reduction.<\/em><\/p>\n\n\t\t<\/div>\n\t<\/div>\n<\/div><\/div><\/div><\/div>\n<\/div>[\/vc_column][\/vc_row]\n<\/div>","protected":false},"excerpt":{"rendered":"Brain health, and in particular vascular health, is crucial to healthy ageing of the brain. Cerebrovascular diseases are extremely common and they are a major cause of premature death and disability in France and around the world. Stroke Stroke is the 2nd leading cause of death in the world, with 100 million people affected. A&hellip;","protected":false},"author":1024,"featured_media":695,"parent":0,"menu_order":0,"comment_status":"closed","ping_status":"closed","template":"","meta":{"inline_featured_image":false,"footnotes":""},"class_list":["post-1051","page","type-page","status-publish","has-post-thumbnail","hentry","entry","has-media"],"yoast_head":"<!-- This site is optimized with the Yoast SEO plugin v27.3 - https:\/\/yoast.com\/product\/yoast-seo-wordpress\/ -->\n<title>Working at VBHI | VBHI<\/title>\n<meta name=\"description\" content=\"Joining the VBHI teams means helping to accelerate research on vascular brain diseases such as stroke and dementia for the benefit of everyone in France and around the world.\" \/>\n<meta name=\"robots\" content=\"index, follow, max-snippet:-1, max-image-preview:large, max-video-preview:-1\" \/>\n<link rel=\"canonical\" href=\"https:\/\/vbhi-institute.org\/en\/join-us\/\" \/>\n<meta property=\"og:locale\" content=\"en_US\" \/>\n<meta property=\"og:type\" content=\"article\" \/>\n<meta property=\"og:title\" content=\"Working at VBHI | VBHI\" \/>\n<meta property=\"og:description\" content=\"Joining the VBHI teams means helping to accelerate research on vascular brain diseases such as stroke and dementia for the benefit of everyone in France and around the world.\" \/>\n<meta property=\"og:url\" content=\"https:\/\/vbhi-institute.org\/en\/join-us\/\" \/>\n<meta property=\"og:site_name\" content=\"VBHI\" \/>\n<meta property=\"article:modified_time\" content=\"2025-12-10T14:40:54+00:00\" \/>\n<meta property=\"og:image\" content=\"https:\/\/vbhi-institute.org\/wp-content\/uploads\/2024\/05\/a-la-une-vbhi-nous-rejoindre.jpg\" \/>\n\t<meta property=\"og:image:width\" content=\"650\" \/>\n\t<meta property=\"og:image:height\" content=\"392\" \/>\n\t<meta property=\"og:image:type\" content=\"image\/jpeg\" \/>\n<meta name=\"twitter:card\" content=\"summary_large_image\" \/>\n<meta name=\"twitter:label1\" content=\"Est. reading time\" \/>\n\t<meta name=\"twitter:data1\" content=\"2 minutes\" \/>\n<script type=\"application\/ld+json\" class=\"yoast-schema-graph\">{\"@context\":\"https:\\\/\\\/schema.org\",\"@graph\":[{\"@type\":\"WebPage\",\"@id\":\"https:\\\/\\\/vbhi-institute.org\\\/en\\\/join-us\\\/\",\"url\":\"https:\\\/\\\/vbhi-institute.org\\\/en\\\/join-us\\\/\",\"name\":\"Working at VBHI | VBHI\",\"isPartOf\":{\"@id\":\"https:\\\/\\\/vbhi-institute.org\\\/en\\\/#website\"},\"primaryImageOfPage\":{\"@id\":\"https:\\\/\\\/vbhi-institute.org\\\/en\\\/join-us\\\/#primaryimage\"},\"image\":{\"@id\":\"https:\\\/\\\/vbhi-institute.org\\\/en\\\/join-us\\\/#primaryimage\"},\"thumbnailUrl\":\"https:\\\/\\\/vbhi-institute.org\\\/wp-content\\\/uploads\\\/2024\\\/05\\\/a-la-une-vbhi-nous-rejoindre.jpg\",\"datePublished\":\"2024-05-27T10:01:59+00:00\",\"dateModified\":\"2025-12-10T14:40:54+00:00\",\"description\":\"Joining the VBHI teams means helping to accelerate research on vascular brain diseases such as stroke and dementia for the benefit of everyone in France and around the world.\",\"breadcrumb\":{\"@id\":\"https:\\\/\\\/vbhi-institute.org\\\/en\\\/join-us\\\/#breadcrumb\"},\"inLanguage\":\"en-US\",\"potentialAction\":[{\"@type\":\"ReadAction\",\"target\":[\"https:\\\/\\\/vbhi-institute.org\\\/en\\\/join-us\\\/\"]}]},{\"@type\":\"ImageObject\",\"inLanguage\":\"en-US\",\"@id\":\"https:\\\/\\\/vbhi-institute.org\\\/en\\\/join-us\\\/#primaryimage\",\"url\":\"https:\\\/\\\/vbhi-institute.org\\\/wp-content\\\/uploads\\\/2024\\\/05\\\/a-la-une-vbhi-nous-rejoindre.jpg\",\"contentUrl\":\"https:\\\/\\\/vbhi-institute.org\\\/wp-content\\\/uploads\\\/2024\\\/05\\\/a-la-une-vbhi-nous-rejoindre.jpg\",\"width\":650,\"height\":392,\"caption\":\"Institut VBHI : Nous rejoindre\"},{\"@type\":\"BreadcrumbList\",\"@id\":\"https:\\\/\\\/vbhi-institute.org\\\/en\\\/join-us\\\/#breadcrumb\",\"itemListElement\":[{\"@type\":\"ListItem\",\"position\":1,\"name\":\"Home\",\"item\":\"https:\\\/\\\/vbhi-institute.org\\\/en\\\/\"},{\"@type\":\"ListItem\",\"position\":2,\"name\":\"Join us\"}]},{\"@type\":\"WebSite\",\"@id\":\"https:\\\/\\\/vbhi-institute.org\\\/en\\\/#website\",\"url\":\"https:\\\/\\\/vbhi-institute.org\\\/en\\\/\",\"name\":\"VBHI\",\"description\":\"L&#039;institut pour la sant\u00e9 vasculaire c\u00e9r\u00e9brale\",\"publisher\":{\"@id\":\"https:\\\/\\\/vbhi-institute.org\\\/en\\\/#organization\"},\"potentialAction\":[{\"@type\":\"SearchAction\",\"target\":{\"@type\":\"EntryPoint\",\"urlTemplate\":\"https:\\\/\\\/vbhi-institute.org\\\/en\\\/?s={search_term_string}\"},\"query-input\":{\"@type\":\"PropertyValueSpecification\",\"valueRequired\":true,\"valueName\":\"search_term_string\"}}],\"inLanguage\":\"en-US\"},{\"@type\":\"Organization\",\"@id\":\"https:\\\/\\\/vbhi-institute.org\\\/en\\\/#organization\",\"name\":\"VBHI\",\"url\":\"https:\\\/\\\/vbhi-institute.org\\\/en\\\/\",\"logo\":{\"@type\":\"ImageObject\",\"inLanguage\":\"en-US\",\"@id\":\"https:\\\/\\\/vbhi-institute.org\\\/en\\\/#\\\/schema\\\/logo\\\/image\\\/\",\"url\":\"https:\\\/\\\/vbhi-institute.org\\\/wp-content\\\/uploads\\\/2024\\\/04\\\/vbhi-logo.svg\",\"contentUrl\":\"https:\\\/\\\/vbhi-institute.org\\\/wp-content\\\/uploads\\\/2024\\\/04\\\/vbhi-logo.svg\",\"caption\":\"VBHI\"},\"image\":{\"@id\":\"https:\\\/\\\/vbhi-institute.org\\\/en\\\/#\\\/schema\\\/logo\\\/image\\\/\"}}]}<\/script>\n<!-- \/ Yoast SEO plugin. -->","yoast_head_json":{"title":"Working at VBHI | VBHI","description":"Joining the VBHI teams means helping to accelerate research on vascular brain diseases such as stroke and dementia for the benefit of everyone in France and around the world.","robots":{"index":"index","follow":"follow","max-snippet":"max-snippet:-1","max-image-preview":"max-image-preview:large","max-video-preview":"max-video-preview:-1"},"canonical":"https:\/\/vbhi-institute.org\/en\/join-us\/","og_locale":"en_US","og_type":"article","og_title":"Working at VBHI | VBHI","og_description":"Joining the VBHI teams means helping to accelerate research on vascular brain diseases such as stroke and dementia for the benefit of everyone in France and around the world.","og_url":"https:\/\/vbhi-institute.org\/en\/join-us\/","og_site_name":"VBHI","article_modified_time":"2025-12-10T14:40:54+00:00","og_image":[{"width":650,"height":392,"url":"https:\/\/vbhi-institute.org\/wp-content\/uploads\/2024\/05\/a-la-une-vbhi-nous-rejoindre.jpg","type":"image\/jpeg"}],"twitter_card":"summary_large_image","twitter_misc":{"Est. reading time":"2 minutes"},"schema":{"@context":"https:\/\/schema.org","@graph":[{"@type":"WebPage","@id":"https:\/\/vbhi-institute.org\/en\/join-us\/","url":"https:\/\/vbhi-institute.org\/en\/join-us\/","name":"Working at VBHI | VBHI","isPartOf":{"@id":"https:\/\/vbhi-institute.org\/en\/#website"},"primaryImageOfPage":{"@id":"https:\/\/vbhi-institute.org\/en\/join-us\/#primaryimage"},"image":{"@id":"https:\/\/vbhi-institute.org\/en\/join-us\/#primaryimage"},"thumbnailUrl":"https:\/\/vbhi-institute.org\/wp-content\/uploads\/2024\/05\/a-la-une-vbhi-nous-rejoindre.jpg","datePublished":"2024-05-27T10:01:59+00:00","dateModified":"2025-12-10T14:40:54+00:00","description":"Joining the VBHI teams means helping to accelerate research on vascular brain diseases such as stroke and dementia for the benefit of everyone in France and around the world.","breadcrumb":{"@id":"https:\/\/vbhi-institute.org\/en\/join-us\/#breadcrumb"},"inLanguage":"en-US","potentialAction":[{"@type":"ReadAction","target":["https:\/\/vbhi-institute.org\/en\/join-us\/"]}]},{"@type":"ImageObject","inLanguage":"en-US","@id":"https:\/\/vbhi-institute.org\/en\/join-us\/#primaryimage","url":"https:\/\/vbhi-institute.org\/wp-content\/uploads\/2024\/05\/a-la-une-vbhi-nous-rejoindre.jpg","contentUrl":"https:\/\/vbhi-institute.org\/wp-content\/uploads\/2024\/05\/a-la-une-vbhi-nous-rejoindre.jpg","width":650,"height":392,"caption":"Institut VBHI : Nous rejoindre"},{"@type":"BreadcrumbList","@id":"https:\/\/vbhi-institute.org\/en\/join-us\/#breadcrumb","itemListElement":[{"@type":"ListItem","position":1,"name":"Home","item":"https:\/\/vbhi-institute.org\/en\/"},{"@type":"ListItem","position":2,"name":"Join us"}]},{"@type":"WebSite","@id":"https:\/\/vbhi-institute.org\/en\/#website","url":"https:\/\/vbhi-institute.org\/en\/","name":"VBHI","description":"L&#039;institut pour la sant\u00e9 vasculaire c\u00e9r\u00e9brale","publisher":{"@id":"https:\/\/vbhi-institute.org\/en\/#organization"},"potentialAction":[{"@type":"SearchAction","target":{"@type":"EntryPoint","urlTemplate":"https:\/\/vbhi-institute.org\/en\/?s={search_term_string}"},"query-input":{"@type":"PropertyValueSpecification","valueRequired":true,"valueName":"search_term_string"}}],"inLanguage":"en-US"},{"@type":"Organization","@id":"https:\/\/vbhi-institute.org\/en\/#organization","name":"VBHI","url":"https:\/\/vbhi-institute.org\/en\/","logo":{"@type":"ImageObject","inLanguage":"en-US","@id":"https:\/\/vbhi-institute.org\/en\/#\/schema\/logo\/image\/","url":"https:\/\/vbhi-institute.org\/wp-content\/uploads\/2024\/04\/vbhi-logo.svg","contentUrl":"https:\/\/vbhi-institute.org\/wp-content\/uploads\/2024\/04\/vbhi-logo.svg","caption":"VBHI"},"image":{"@id":"https:\/\/vbhi-institute.org\/en\/#\/schema\/logo\/image\/"}}]}},"_links":{"self":[{"href":"https:\/\/vbhi-institute.org\/en\/wp-json\/wp\/v2\/pages\/1051","targetHints":{"allow":["GET"]}}],"collection":[{"href":"https:\/\/vbhi-institute.org\/en\/wp-json\/wp\/v2\/pages"}],"about":[{"href":"https:\/\/vbhi-institute.org\/en\/wp-json\/wp\/v2\/types\/page"}],"author":[{"embeddable":true,"href":"https:\/\/vbhi-institute.org\/en\/wp-json\/wp\/v2\/users\/1024"}],"replies":[{"embeddable":true,"href":"https:\/\/vbhi-institute.org\/en\/wp-json\/wp\/v2\/comments?post=1051"}],"version-history":[{"count":24,"href":"https:\/\/vbhi-institute.org\/en\/wp-json\/wp\/v2\/pages\/1051\/revisions"}],"predecessor-version":[{"id":3405,"href":"https:\/\/vbhi-institute.org\/en\/wp-json\/wp\/v2\/pages\/1051\/revisions\/3405"}],"wp:featuredmedia":[{"embeddable":true,"href":"https:\/\/vbhi-institute.org\/en\/wp-json\/wp\/v2\/media\/695"}],"wp:attachment":[{"href":"https:\/\/vbhi-institute.org\/en\/wp-json\/wp\/v2\/media?parent=1051"}],"curies":[{"name":"wp","href":"https:\/\/api.w.org\/{rel}","templated":true}]}}