{"id":1049,"date":"2024-05-30T10:03:49","date_gmt":"2024-05-30T08:03:49","guid":{"rendered":"https:\/\/vbhi-institute.org\/?page_id=1049"},"modified":"2025-04-11T17:29:06","modified_gmt":"2025-04-11T15:29:06","slug":"vascular-brain-diseases","status":"publish","type":"page","link":"https:\/\/vbhi-institute.org\/en\/vascular-brain-diseases\/","title":{"rendered":"Vascular Brain Diseases"},"content":{"rendered":"<div class=\"wpb-content-wrapper\">[vc_row el_id=&#8221;row-with-sidebar&#8221;][vc_column width=&#8221;2\/3&#8243;][vc_column_text css=&#8221;&#8221; el_class=&#8221;intro&#8221;]Brain health, and in particular vascular health, is crucial to healthy ageing of the brain. Cerebrovascular diseases are extremely common and they are a major cause of premature death and disability in France and around the world.[\/vc_column_text][vc_column_text css=&#8221;&#8221;]\n<h2>Stroke<\/h2>\n<p>Stroke is the 2nd leading cause of death in the world, with 100 million people affected. A stroke happens when blood flow to part of the brain is suddenly blocked or reduced, leading to immediate problems with brain function.<\/p>\n<p>The causes of stroke vary widely. They can be caused by haemorrhage inside the brain (15-30% of cases) or cerebral infarction (ischemic stroke due to a blockage in one of the blood vessels supplying the brain, 70-85% of cases). The latter may be due to disease of the small cerebral vessels, atheroma (plaque in the arteries), or cardiac sources of embolism (when a blood clot or other substance gets stuck in a blood vessel).<\/p>\n<p>The countries of the Global South are particularly hard hit, accounting for 70% of all stroke deaths worldwide.<\/p>\n<h2>Cognitive decline or dementia<\/h2>\n<p>Dementia affects 57 million people (a figure that could triple by 2050). Those affected suffer from cognitive decline associated with a loss of independence in their daily life.<\/p>\n<p>The vast majority of cases of dementia in the population are due to the presence of neurodegenerative and vascular lesions in the brain. Unfortunately, the vascular component has been largely overlooked in the majority of therapeutic trials to date.<\/p>\n<p>By 2050, it is expected that 70% of newly diagnosed cases of dementia will occur in countries of the Global South.<\/p>\n<h2>Covert cerebral small vessel disease<\/h2>\n<p>Covert cerebral small vessel disease (ccSVD), is extremely common in the general population, particularly in elderly people. It can be detected by brain imaging (usually MRI) in people with no history of stroke or dementia. Imaging techniques are able to show the presence of white matter abnormalities, lacunae (small areas of dammage in the brain\u2019s white matter) or microbleeds that are characteristic of ccSVD.<\/p>\n<p>These &#8216;hidden&#8217; lesions, caused by an alteration in the structure and\/or function of the small cerebral vessels, are associated with an increased risk of developing a stroke (cerebral infarction or intracerebral haemorrhage) or dementia. They may be completely silent (with no apparent symptons) or associated with cognitive, balance, walking and mood disorders.<\/p>\n<p>In France, more than five million people over the age of 65 have covert cerebral small vessel disease (i.e. around 40 million people in Europe and several hundred million worldwide).<\/p>\n<p>The VBHI aims to provide populations around the world with strategies to avoid or delay the onset of stroke and dementia, preserving their brain&#8217;s ability to age well.[\/vc_column_text][\/vc_column][vc_column width=&#8221;1\/3&#8243;][vc_widget_sidebar sidebar_id=&#8221;sidebar&#8221;][\/vc_column][\/vc_row][vc_row el_id=&#8221;banniere-page-connexes&#8221;][vc_column]<div class=\"wpex-post-cards wpex-post-cards-blog_5 wpex-relative\"><div class=\"wpex-post-cards-inner\"><div class=\"wpex-post-cards-loop wpex-post-cards-grid wpex-row wpex-clr\"><div class=\"wpex-post-cards-entry col col-1 span_1_of_3 post-1110 type-page translation_priority-7\"><div class=\"wpex-card wpex-card-blog_5\"><div class=\"wpex-card-media wpex-mb-15 overlay-parent overlay-parent-1\"><div class=\"wpex-card-thumbnail wpex-relative\"><a href=\"https:\/\/vbhi-institute.org\/en\/research-and-innovation\/\"><img width=\"650\" height=\"392\" src=\"https:\/\/vbhi-institute.org\/wp-content\/uploads\/2024\/06\/a-la-une-recherche-innovation.jpg\" class=\"wpex-align-middle\" alt=\"Recherche et Innovation\" loading=\"lazy\" decoding=\"async\" srcset=\"https:\/\/vbhi-institute.org\/wp-content\/uploads\/2024\/06\/a-la-une-recherche-innovation.jpg 650w, https:\/\/vbhi-institute.org\/wp-content\/uploads\/2024\/06\/a-la-une-recherche-innovation-300x181.jpg 300w\" sizes=\"auto, (max-width: 650px) 100vw, 650px\" \/><\/a><\/div><\/div><h2 class=\"wpex-card-title wpex-heading wpex-text-lg\"><a href=\"https:\/\/vbhi-institute.org\/en\/research-and-innovation\/\">Research and Innovation<\/a><\/h2><\/div><\/div><div class=\"wpex-post-cards-entry col col-2 span_1_of_3 post-923 type-page translation_priority-7\"><div class=\"wpex-card wpex-card-blog_5\"><div class=\"wpex-card-media wpex-mb-15 overlay-parent overlay-parent-1\"><div class=\"wpex-card-thumbnail wpex-relative\"><a href=\"https:\/\/vbhi-institute.org\/en\/flagship-programmes\/\"><img width=\"650\" height=\"392\" src=\"https:\/\/vbhi-institute.org\/wp-content\/uploads\/2024\/05\/a-la-une-vbhi-programmes-emblematiques.jpg\" class=\"wpex-align-middle\" alt=\"Institut VBHI : Les programmes embl\u00e9matiques\" loading=\"lazy\" decoding=\"async\" srcset=\"https:\/\/vbhi-institute.org\/wp-content\/uploads\/2024\/05\/a-la-une-vbhi-programmes-emblematiques.jpg 650w, https:\/\/vbhi-institute.org\/wp-content\/uploads\/2024\/05\/a-la-une-vbhi-programmes-emblematiques-300x181.jpg 300w\" sizes=\"auto, (max-width: 650px) 100vw, 650px\" \/><\/a><\/div><\/div><h2 class=\"wpex-card-title wpex-heading wpex-text-lg\"><a href=\"https:\/\/vbhi-institute.org\/en\/flagship-programmes\/\">Flagship Programmes<\/a><\/h2><\/div><\/div><div class=\"wpex-post-cards-entry col col-3 span_1_of_3 post-889 type-page translation_priority-7\"><div class=\"wpex-card wpex-card-blog_5\"><div class=\"wpex-card-media wpex-mb-15 overlay-parent overlay-parent-1\"><div class=\"wpex-card-thumbnail wpex-relative\"><a href=\"https:\/\/vbhi-institute.org\/en\/make-a-donation\/\"><img width=\"650\" height=\"392\" src=\"https:\/\/vbhi-institute.org\/wp-content\/uploads\/2024\/05\/a-la-une-vbhi-nous-soutenir.jpg\" class=\"wpex-align-middle\" alt=\"Institut VBHI : Nous soutenir\" loading=\"lazy\" decoding=\"async\" srcset=\"https:\/\/vbhi-institute.org\/wp-content\/uploads\/2024\/05\/a-la-une-vbhi-nous-soutenir.jpg 650w, https:\/\/vbhi-institute.org\/wp-content\/uploads\/2024\/05\/a-la-une-vbhi-nous-soutenir-300x181.jpg 300w\" sizes=\"auto, (max-width: 650px) 100vw, 650px\" \/><\/a><\/div><\/div><h2 class=\"wpex-card-title wpex-heading wpex-text-lg\"><a href=\"https:\/\/vbhi-institute.org\/en\/make-a-donation\/\">Make a donation<\/a><\/h2><\/div><\/div><\/div><\/div><\/div>[\/vc_column][\/vc_row][vc_row full_width=&#8221;stretch_row_content&#8221;][vc_column css=&#8221;.vc_custom_1715003209056{margin-bottom: 0px !important;}&#8221;]<div class=\"wpex-template-shortcode\"><style type=\"text\/css\" data-type=\"vc_shortcodes-custom-css\">.vc_custom_1715002980325{margin-bottom: 0px !important;}<\/style><div id=\"partial-bannier-soutenir\" class=\"vc_row wpb_row vc_row-fluid wpex-vc-full-width-row wpex-vc-full-width-row--centered wpex-relative\"><div class=\"wpb_column vc_column_container vc_col-sm-12\"><div class=\"vc_column-inner vc_custom_1715002980325\"><div class=\"wpb_wrapper\"><div class=\"vcex-heading vcex-heading-plain vcex-module wpex-heading wpex-text-2xl\"><span class=\"vcex-heading-inner wpex-inline-block\">How can you support the Institute?<\/span><\/div><div class=\"vcex-spacing wpex-w-100 wpex-clear\" style=\"height:30px;\"><\/div>\n\t<div class=\"wpb_text_column wpb_content_element intro\" >\n\t\t<div class=\"wpb_wrapper\">\n\t\t\t<p>Your help is essential in the fight against stroke and dementia, and for the promotion of healthy brain ageing.<\/p>\n\n\t\t<\/div>\n\t<\/div>\n<div class=\"vcex-spacing wpex-w-100 wpex-clear\" style=\"height:30px;\"><\/div>\n\t<div class=\"wpb_text_column wpb_content_element\" >\n\t\t<div class=\"wpb_wrapper\">\n\t\t\t<p>By supporting cutting-edge research to develop new prevention strategies and personalised therapies for vascular brain diseases, you are helping reduce the burden of these diseases worldwide.<\/p>\n\n\t\t<\/div>\n\t<\/div>\n<div class=\"theme-button-wrap textcenter wpex-clr\"><a href=\"https:\/\/vbhi-institute.org\/en\/make-a-donation\/\" class=\"vcex-button theme-button align-center inline\"><span class=\"vcex-button-inner theme-button-inner wpex-flex wpex-flex-wrap wpex-items-center wpex-justify-center\"><span class=\"vcex-button-icon vcex-icon-wrap theme-button-icon-left\"><span class=\"wpex-icon\" aria-hidden=\"true\"><svg xmlns=\"http:\/\/www.w3.org\/2000\/svg\" viewBox=\"0 0 512 512\"><path d=\"M47.6 300.4L228.3 469.1c7.5 7 17.4 10.9 27.7 10.9s20.2-3.9 27.7-10.9L464.4 300.4c30.4-28.3 47.6-68 47.6-109.5v-5.8c0-69.9-50.5-129.5-119.4-141C347 36.5 300.6 51.4 268 84L256 96 244 84c-32.6-32.6-79-47.5-124.6-39.9C50.5 55.6 0 115.2 0 185.1v5.8c0 41.5 17.2 81.2 47.6 109.5z\"\/><\/svg><\/span><\/span>I WANT TO DONATE!<\/span><\/a><\/div> \n\t<div style=\"text-align:center;\" class=\"wpb_text_column wpb_content_element\" >\n\t\t<div class=\"wpb_wrapper\">\n\t\t\t<p style=\"text-align: left\">Your donation entitles you to a tax reduction.<br \/>\n<em>E.g.: If I am taxable and I donate \u20ac50, my donation will only cost me \u20ac12 after tax reduction.<\/em><\/p>\n\n\t\t<\/div>\n\t<\/div>\n<\/div><\/div><\/div><\/div>\n<\/div>[\/vc_column][\/vc_row]\n<\/div>","protected":false},"excerpt":{"rendered":"Your donation can save lives by preventing stroke and dementia. Why give? Stroke is the 2nd leading cause of death worldwide and the 1st st in women in France. More than 57 million people worldwide have dementia, with at least 900,000 people in France. The figures are rising at an alarming rate, with increasing inequalities&hellip;","protected":false},"author":1024,"featured_media":1189,"parent":0,"menu_order":0,"comment_status":"closed","ping_status":"closed","template":"","meta":{"inline_featured_image":false,"footnotes":""},"class_list":["post-1049","page","type-page","status-publish","has-post-thumbnail","hentry","entry","has-media"],"yoast_head":"<!-- This site is optimized with the Yoast SEO plugin v26.4 - https:\/\/yoast.com\/wordpress\/plugins\/seo\/ -->\n<title>Vascular brain diseases, a major challenge for science| VBHI<\/title>\n<meta name=\"description\" content=\"The Vascular Brain Health Institute works to prevent stroke and dementia, with a particular focus on covert cerebral small vessel disease as a target for stroke, cognitive decline, and dementia prevention.\" \/>\n<meta name=\"robots\" content=\"index, follow, max-snippet:-1, max-image-preview:large, max-video-preview:-1\" \/>\n<link rel=\"canonical\" href=\"https:\/\/vbhi-institute.org\/en\/vascular-brain-diseases\/\" \/>\n<meta property=\"og:locale\" content=\"en_US\" \/>\n<meta property=\"og:type\" content=\"article\" \/>\n<meta property=\"og:title\" content=\"Vascular brain diseases, a major challenge for science| VBHI\" \/>\n<meta property=\"og:description\" content=\"The Vascular Brain Health Institute works to prevent stroke and dementia, with a particular focus on covert cerebral small vessel disease as a target for stroke, cognitive decline, and dementia prevention.\" \/>\n<meta property=\"og:url\" content=\"https:\/\/vbhi-institute.org\/en\/vascular-brain-diseases\/\" \/>\n<meta property=\"og:site_name\" content=\"VBHI\" \/>\n<meta property=\"article:modified_time\" content=\"2025-04-11T15:29:06+00:00\" \/>\n<meta property=\"og:image\" content=\"https:\/\/vbhi-institute.org\/wp-content\/uploads\/2024\/06\/a-la-une-les-maladies-vasculaires-cerebrales.jpg\" \/>\n\t<meta property=\"og:image:width\" content=\"650\" \/>\n\t<meta property=\"og:image:height\" content=\"392\" \/>\n\t<meta property=\"og:image:type\" content=\"image\/jpeg\" \/>\n<meta name=\"twitter:card\" content=\"summary_large_image\" \/>\n<meta name=\"twitter:label1\" content=\"Est. reading time\" \/>\n\t<meta name=\"twitter:data1\" content=\"3 minutes\" \/>\n<script type=\"application\/ld+json\" class=\"yoast-schema-graph\">{\"@context\":\"https:\/\/schema.org\",\"@graph\":[{\"@type\":\"WebPage\",\"@id\":\"https:\/\/vbhi-institute.org\/en\/vascular-brain-diseases\/\",\"url\":\"https:\/\/vbhi-institute.org\/en\/vascular-brain-diseases\/\",\"name\":\"Vascular brain diseases, a major challenge for science| VBHI\",\"isPartOf\":{\"@id\":\"https:\/\/vbhi-institute.org\/en\/#website\"},\"primaryImageOfPage\":{\"@id\":\"https:\/\/vbhi-institute.org\/en\/vascular-brain-diseases\/#primaryimage\"},\"image\":{\"@id\":\"https:\/\/vbhi-institute.org\/en\/vascular-brain-diseases\/#primaryimage\"},\"thumbnailUrl\":\"https:\/\/vbhi-institute.org\/wp-content\/uploads\/2024\/06\/a-la-une-les-maladies-vasculaires-cerebrales.jpg\",\"datePublished\":\"2024-05-30T08:03:49+00:00\",\"dateModified\":\"2025-04-11T15:29:06+00:00\",\"description\":\"The Vascular Brain Health Institute works to prevent stroke and dementia, with a particular focus on covert cerebral small vessel disease as a target for stroke, cognitive decline, and dementia prevention.\",\"breadcrumb\":{\"@id\":\"https:\/\/vbhi-institute.org\/en\/vascular-brain-diseases\/#breadcrumb\"},\"inLanguage\":\"en-US\",\"potentialAction\":[{\"@type\":\"ReadAction\",\"target\":[\"https:\/\/vbhi-institute.org\/en\/vascular-brain-diseases\/\"]}]},{\"@type\":\"ImageObject\",\"inLanguage\":\"en-US\",\"@id\":\"https:\/\/vbhi-institute.org\/en\/vascular-brain-diseases\/#primaryimage\",\"url\":\"https:\/\/vbhi-institute.org\/wp-content\/uploads\/2024\/06\/a-la-une-les-maladies-vasculaires-cerebrales.jpg\",\"contentUrl\":\"https:\/\/vbhi-institute.org\/wp-content\/uploads\/2024\/06\/a-la-une-les-maladies-vasculaires-cerebrales.jpg\",\"width\":650,\"height\":392,\"caption\":\"VBHI: Vascular Brain Diseases\"},{\"@type\":\"BreadcrumbList\",\"@id\":\"https:\/\/vbhi-institute.org\/en\/vascular-brain-diseases\/#breadcrumb\",\"itemListElement\":[{\"@type\":\"ListItem\",\"position\":1,\"name\":\"Home\",\"item\":\"https:\/\/vbhi-institute.org\/en\/\"},{\"@type\":\"ListItem\",\"position\":2,\"name\":\"Vascular Brain Diseases\"}]},{\"@type\":\"WebSite\",\"@id\":\"https:\/\/vbhi-institute.org\/en\/#website\",\"url\":\"https:\/\/vbhi-institute.org\/en\/\",\"name\":\"VBHI\",\"description\":\"L&#039;institut pour la sant\u00e9 vasculaire c\u00e9r\u00e9brale\",\"publisher\":{\"@id\":\"https:\/\/vbhi-institute.org\/en\/#organization\"},\"potentialAction\":[{\"@type\":\"SearchAction\",\"target\":{\"@type\":\"EntryPoint\",\"urlTemplate\":\"https:\/\/vbhi-institute.org\/en\/?s={search_term_string}\"},\"query-input\":{\"@type\":\"PropertyValueSpecification\",\"valueRequired\":true,\"valueName\":\"search_term_string\"}}],\"inLanguage\":\"en-US\"},{\"@type\":\"Organization\",\"@id\":\"https:\/\/vbhi-institute.org\/en\/#organization\",\"name\":\"VBHI\",\"url\":\"https:\/\/vbhi-institute.org\/en\/\",\"logo\":{\"@type\":\"ImageObject\",\"inLanguage\":\"en-US\",\"@id\":\"https:\/\/vbhi-institute.org\/en\/#\/schema\/logo\/image\/\",\"url\":\"https:\/\/vbhi-institute.org\/wp-content\/uploads\/2024\/04\/vbhi-logo.svg\",\"contentUrl\":\"https:\/\/vbhi-institute.org\/wp-content\/uploads\/2024\/04\/vbhi-logo.svg\",\"caption\":\"VBHI\"},\"image\":{\"@id\":\"https:\/\/vbhi-institute.org\/en\/#\/schema\/logo\/image\/\"}}]}<\/script>\n<!-- \/ Yoast SEO plugin. -->","yoast_head_json":{"title":"Vascular brain diseases, a major challenge for science| VBHI","description":"The Vascular Brain Health Institute works to prevent stroke and dementia, with a particular focus on covert cerebral small vessel disease as a target for stroke, cognitive decline, and dementia prevention.","robots":{"index":"index","follow":"follow","max-snippet":"max-snippet:-1","max-image-preview":"max-image-preview:large","max-video-preview":"max-video-preview:-1"},"canonical":"https:\/\/vbhi-institute.org\/en\/vascular-brain-diseases\/","og_locale":"en_US","og_type":"article","og_title":"Vascular brain diseases, a major challenge for science| VBHI","og_description":"The Vascular Brain Health Institute works to prevent stroke and dementia, with a particular focus on covert cerebral small vessel disease as a target for stroke, cognitive decline, and dementia prevention.","og_url":"https:\/\/vbhi-institute.org\/en\/vascular-brain-diseases\/","og_site_name":"VBHI","article_modified_time":"2025-04-11T15:29:06+00:00","og_image":[{"width":650,"height":392,"url":"https:\/\/vbhi-institute.org\/wp-content\/uploads\/2024\/06\/a-la-une-les-maladies-vasculaires-cerebrales.jpg","type":"image\/jpeg"}],"twitter_card":"summary_large_image","twitter_misc":{"Est. reading time":"3 minutes"},"schema":{"@context":"https:\/\/schema.org","@graph":[{"@type":"WebPage","@id":"https:\/\/vbhi-institute.org\/en\/vascular-brain-diseases\/","url":"https:\/\/vbhi-institute.org\/en\/vascular-brain-diseases\/","name":"Vascular brain diseases, a major challenge for science| VBHI","isPartOf":{"@id":"https:\/\/vbhi-institute.org\/en\/#website"},"primaryImageOfPage":{"@id":"https:\/\/vbhi-institute.org\/en\/vascular-brain-diseases\/#primaryimage"},"image":{"@id":"https:\/\/vbhi-institute.org\/en\/vascular-brain-diseases\/#primaryimage"},"thumbnailUrl":"https:\/\/vbhi-institute.org\/wp-content\/uploads\/2024\/06\/a-la-une-les-maladies-vasculaires-cerebrales.jpg","datePublished":"2024-05-30T08:03:49+00:00","dateModified":"2025-04-11T15:29:06+00:00","description":"The Vascular Brain Health Institute works to prevent stroke and dementia, with a particular focus on covert cerebral small vessel disease as a target for stroke, cognitive decline, and dementia prevention.","breadcrumb":{"@id":"https:\/\/vbhi-institute.org\/en\/vascular-brain-diseases\/#breadcrumb"},"inLanguage":"en-US","potentialAction":[{"@type":"ReadAction","target":["https:\/\/vbhi-institute.org\/en\/vascular-brain-diseases\/"]}]},{"@type":"ImageObject","inLanguage":"en-US","@id":"https:\/\/vbhi-institute.org\/en\/vascular-brain-diseases\/#primaryimage","url":"https:\/\/vbhi-institute.org\/wp-content\/uploads\/2024\/06\/a-la-une-les-maladies-vasculaires-cerebrales.jpg","contentUrl":"https:\/\/vbhi-institute.org\/wp-content\/uploads\/2024\/06\/a-la-une-les-maladies-vasculaires-cerebrales.jpg","width":650,"height":392,"caption":"VBHI: Vascular Brain Diseases"},{"@type":"BreadcrumbList","@id":"https:\/\/vbhi-institute.org\/en\/vascular-brain-diseases\/#breadcrumb","itemListElement":[{"@type":"ListItem","position":1,"name":"Home","item":"https:\/\/vbhi-institute.org\/en\/"},{"@type":"ListItem","position":2,"name":"Vascular Brain Diseases"}]},{"@type":"WebSite","@id":"https:\/\/vbhi-institute.org\/en\/#website","url":"https:\/\/vbhi-institute.org\/en\/","name":"VBHI","description":"L&#039;institut pour la sant\u00e9 vasculaire c\u00e9r\u00e9brale","publisher":{"@id":"https:\/\/vbhi-institute.org\/en\/#organization"},"potentialAction":[{"@type":"SearchAction","target":{"@type":"EntryPoint","urlTemplate":"https:\/\/vbhi-institute.org\/en\/?s={search_term_string}"},"query-input":{"@type":"PropertyValueSpecification","valueRequired":true,"valueName":"search_term_string"}}],"inLanguage":"en-US"},{"@type":"Organization","@id":"https:\/\/vbhi-institute.org\/en\/#organization","name":"VBHI","url":"https:\/\/vbhi-institute.org\/en\/","logo":{"@type":"ImageObject","inLanguage":"en-US","@id":"https:\/\/vbhi-institute.org\/en\/#\/schema\/logo\/image\/","url":"https:\/\/vbhi-institute.org\/wp-content\/uploads\/2024\/04\/vbhi-logo.svg","contentUrl":"https:\/\/vbhi-institute.org\/wp-content\/uploads\/2024\/04\/vbhi-logo.svg","caption":"VBHI"},"image":{"@id":"https:\/\/vbhi-institute.org\/en\/#\/schema\/logo\/image\/"}}]}},"_links":{"self":[{"href":"https:\/\/vbhi-institute.org\/en\/wp-json\/wp\/v2\/pages\/1049","targetHints":{"allow":["GET"]}}],"collection":[{"href":"https:\/\/vbhi-institute.org\/en\/wp-json\/wp\/v2\/pages"}],"about":[{"href":"https:\/\/vbhi-institute.org\/en\/wp-json\/wp\/v2\/types\/page"}],"author":[{"embeddable":true,"href":"https:\/\/vbhi-institute.org\/en\/wp-json\/wp\/v2\/users\/1024"}],"replies":[{"embeddable":true,"href":"https:\/\/vbhi-institute.org\/en\/wp-json\/wp\/v2\/comments?post=1049"}],"version-history":[{"count":6,"href":"https:\/\/vbhi-institute.org\/en\/wp-json\/wp\/v2\/pages\/1049\/revisions"}],"predecessor-version":[{"id":3025,"href":"https:\/\/vbhi-institute.org\/en\/wp-json\/wp\/v2\/pages\/1049\/revisions\/3025"}],"wp:featuredmedia":[{"embeddable":true,"href":"https:\/\/vbhi-institute.org\/en\/wp-json\/wp\/v2\/media\/1189"}],"wp:attachment":[{"href":"https:\/\/vbhi-institute.org\/en\/wp-json\/wp\/v2\/media?parent=1049"}],"curies":[{"name":"wp","href":"https:\/\/api.w.org\/{rel}","templated":true}]}}