{"id":1045,"date":"2024-05-30T10:06:28","date_gmt":"2024-05-30T08:06:28","guid":{"rendered":"https:\/\/vbhi-institute.org\/?page_id=1045"},"modified":"2025-04-11T17:25:36","modified_gmt":"2025-04-11T15:25:36","slug":"prevention-and-care","status":"publish","type":"page","link":"https:\/\/vbhi-institute.org\/en\/prevention-and-care\/","title":{"rendered":"Prevention and Care"},"content":{"rendered":"<div class=\"wpb-content-wrapper\">[vc_row][vc_column][vc_column_text css=&#8221;&#8221; el_class=&#8221;intro&#8221;]Understanding and preventing neurological vascular diseases is now within reach. Major advances have already been enabled by greater access to health data and artificial intelligence. Translating this knowledge into targeted prevention strategies that take into account our diversity as individuals is a principle that lies at the heart of the VBHI.[\/vc_column_text][vc_column_text css=&#8221;&#8221;]\n<h2>Why is it important?<\/h2>\n<p>Stroke and dementia are two major causes of disability, loss of independence and reduced quality of life.<\/p>\n<p>Although significant progress has been made in managing these conditions over the last two decades, prevention remains the key to healthy ageing.<\/p>\n<p>Vascular brain diseases, such as cerebral small vessel disease, may be asymptomatic before the onset of stroke or dementia. However, they can be identified during cerebral imaging, particularly magnetic resonance imaging (MRI). Identifying these conditions offers a major opportunity to identify patients at increased risk of stroke and dementia, and to propose preventive treatments aimed at reducing this risk.<\/p>\n<p>The major risk factors for stroke and dementia are hypertension, diabetes, obesity, a sedentary lifestyle and smoking. In addition to general recommendations on their overall management, it is also possible to undertake more effective personalised prevention by identifying specific characteristics in each patient, such as:<\/p>\n<ul>\n<li>emerging risk factors (new lipid markers),<\/li>\n<li>genetic susceptibility factors conditioning the risk of developing cerebral small vessel disease, and<\/li>\n<li>response to drug treatments.<\/li>\n<\/ul>\n<p>The development of new, individualised care pathways is essential in reducing the risk of stroke and dementia.<\/p>\n<h2>The Institute&#8217;s priorities in prevention and care<\/h2>\n<p>We now know that lesions caused by cerebral small vessel disease are very common and are associated with an increased risk of stroke and dementia, as well as vascular diseases of the heart, retina and kidneys.<\/p>\n<p>Our institute has two major objectives:<\/p>\n<ul>\n<li>to facilitate early identification of patients with cerebral small vessel disease,<\/li>\n<li>to optimise the prevention of complications associated with this disease.<\/li>\n<\/ul>\n<p>At present, cerebral MRI and, to a lesser extent, CT scans are the complementary tests used to identify cerebral small vessel disease, but access to them is limited due to a limited number of machines, the cost associated with running them, and potential radiation exposure in the case of CT scans. This limits large-scale diagnosis as well as capacity to carry out effective follow-up.<\/p>\n<p>Therefore, our priority is to develop and validate new tools for identifying and monitoring the progression of this disease using less complex MRI scans or the evaluation of markers of retinal vascularisation , i.e. specific signs or elements which make it possible to describe the state of the blood vessels in the retina. To meet our objective of personalising prevention, we are developing a number of aspects, including:<\/p>\n<ul>\n<li>a care pathway enabling a global assessment of risk factors, including some that are currently underestimated like addictions or new dyslipidemias (abnormalities in blood fat levels (cholesterol and triglycerides)),<\/li>\n<li>screening methods such as polygenic risk scores,<\/li>\n<li>pharmacogenomic analyses to assess individual response to proposed treatments,<\/li>\n<li>digital monitoring of vascular risk factors to adapt their management in real time and, multi-organ assessment (heart, retina, kidney) enabling broader prevention.<\/li>\n<\/ul>\n<p>However, the effectiveness of systematically using such techniques has not yet been proven. The VBHI, through the <a href=\"https:\/\/vbhi-institute.org\/en\/program\/vbhi-brainvasc-cohort-biobank\/\">BrainVasc cohort<\/a> and its prevention clinic, will study the added clinical added value of such precision procedures in the fight against stroke and dementia.<\/p>\n<p>The VBHI will rethink the care pathways of patients living with one or more neurovascular diseases in order to establish earlier, more effective and more equitable prevention. To achieve this, the institute will draw on :<\/p>\n<ul>\n<li>the cerebral small vessel disease <a href=\"https:\/\/vbhi-institute.org\/en\/program\/innovation-prevention-clinic\/\">Prevention Clinic<\/a> , a new concept that will involve patients living with the disease, radiologists and general practitioners, to enable personalised assessments of risk factors and individualised plans.<\/li>\n<li>The <a href=\"https:\/\/vbhi-institute.org\/en\/program\/vbhi-brain-resiliency-living-lab\/\">Living Lab<\/a> on brain resiliency, which will test and evaluate real-life preventive measures, assessing the impact of specific preventive measures at a population level, in collaboration with patient associations and regional networks of healthcare professionals.<\/li>\n<\/ul>\n<h2>An ecosystem dedicated to prevention<\/h2>\n<blockquote><p>Avoid 45,000 deaths in France through targeted prevention<\/p><\/blockquote>\n<p>The Neurovascular Unit at Bordeaux University Hospital currently treats patients with acute neurological symptoms, whether transient (Transient Ischaemic Attack Clinic) or persistent (Neurovascular Unit Intensive Care).<\/p>\n<p>The Neurovascular Unit works closely with rehabilitation services to reduce post-stroke disability and with cardiovascular disease prevention services to optimise control of post-stroke vascular risk factors.<\/p>\n<p>The Bordeaux Neurodegenerative Diseases Institute contributes to the management of patients with cognitive problems suggestive of dementia, making it possible to clarify the respective roles of vascular and neurodegenerative lesions.<\/p>\n<p>With its Prevention Clinic and Living Lab, the VBHI aims to position itself upstream of these various structures by fuelling research which will foster early prevention.[\/vc_column_text][\/vc_column][\/vc_row][vc_row el_id=&#8221;banniere-page-connexes&#8221;][vc_column]<div class=\"wpex-post-cards wpex-post-cards-blog_5 wpex-relative\"><div class=\"wpex-post-cards-inner\"><div class=\"wpex-post-cards-loop wpex-post-cards-grid wpex-row wpex-clr\"><div class=\"wpex-post-cards-entry col col-1 span_1_of_3 post-1049 type-page translation_priority-7\"><div class=\"wpex-card wpex-card-blog_5\"><div class=\"wpex-card-media wpex-mb-15 overlay-parent overlay-parent-1\"><div class=\"wpex-card-thumbnail wpex-relative\"><a href=\"https:\/\/vbhi-institute.org\/en\/vascular-brain-diseases\/\"><img width=\"650\" height=\"392\" src=\"https:\/\/vbhi-institute.org\/wp-content\/uploads\/2024\/06\/a-la-une-les-maladies-vasculaires-cerebrales.jpg\" class=\"wpex-align-middle\" alt=\"VBHI: Vascular Brain Diseases\" loading=\"lazy\" decoding=\"async\" srcset=\"https:\/\/vbhi-institute.org\/wp-content\/uploads\/2024\/06\/a-la-une-les-maladies-vasculaires-cerebrales.jpg 650w, https:\/\/vbhi-institute.org\/wp-content\/uploads\/2024\/06\/a-la-une-les-maladies-vasculaires-cerebrales-300x181.jpg 300w\" sizes=\"auto, (max-width: 650px) 100vw, 650px\" \/><\/a><\/div><\/div><h2 class=\"wpex-card-title wpex-heading wpex-text-lg\"><a href=\"https:\/\/vbhi-institute.org\/en\/vascular-brain-diseases\/\">Vascular Brain Diseases<\/a><\/h2><\/div><\/div><div class=\"wpex-post-cards-entry col col-2 span_1_of_3 post-949 type-portfolio translation_priority-7\"><div class=\"wpex-card wpex-card-blog_5\"><div class=\"wpex-card-media wpex-mb-15 overlay-parent overlay-parent-1\"><div class=\"wpex-card-thumbnail wpex-relative\"><a href=\"https:\/\/vbhi-institute.org\/en\/program\/vbhi-brain-resilience-living-lab\/\"><img width=\"650\" height=\"392\" src=\"https:\/\/vbhi-institute.org\/wp-content\/uploads\/2024\/05\/programmes-vbhi-le-living-lab.jpg\" class=\"wpex-align-middle\" alt=\"Le Living Lab\" loading=\"lazy\" decoding=\"async\" srcset=\"https:\/\/vbhi-institute.org\/wp-content\/uploads\/2024\/05\/programmes-vbhi-le-living-lab.jpg 650w, https:\/\/vbhi-institute.org\/wp-content\/uploads\/2024\/05\/programmes-vbhi-le-living-lab-300x181.jpg 300w\" sizes=\"auto, (max-width: 650px) 100vw, 650px\" \/><\/a><\/div><\/div><h2 class=\"wpex-card-title wpex-heading wpex-text-lg\"><a href=\"https:\/\/vbhi-institute.org\/en\/program\/vbhi-brain-resilience-living-lab\/\">VBHI &#8211; Brain Resilience Living-Lab<\/a><\/h2><\/div><\/div><div class=\"wpex-post-cards-entry col col-3 span_1_of_3 post-943 type-portfolio translation_priority-7\"><div class=\"wpex-card wpex-card-blog_5\"><div class=\"wpex-card-media wpex-mb-15 overlay-parent overlay-parent-1\"><div class=\"wpex-card-thumbnail wpex-relative\"><a href=\"https:\/\/vbhi-institute.org\/en\/program\/innovation-prevention-clinic\/\"><img width=\"650\" height=\"392\" src=\"https:\/\/vbhi-institute.org\/wp-content\/uploads\/2024\/05\/programmes-vbhi-la-clinique-de-prevention.jpg\" class=\"wpex-align-middle\" alt=\"Programmes VBHI : BrainVasc\" loading=\"lazy\" decoding=\"async\" srcset=\"https:\/\/vbhi-institute.org\/wp-content\/uploads\/2024\/05\/programmes-vbhi-la-clinique-de-prevention.jpg 650w, https:\/\/vbhi-institute.org\/wp-content\/uploads\/2024\/05\/programmes-vbhi-la-clinique-de-prevention-300x181.jpg 300w\" sizes=\"auto, (max-width: 650px) 100vw, 650px\" \/><\/a><\/div><\/div><h2 class=\"wpex-card-title wpex-heading wpex-text-lg\"><a href=\"https:\/\/vbhi-institute.org\/en\/program\/innovation-prevention-clinic\/\">VBHI &#8211; Innovation &#038; Prevention clinic<\/a><\/h2><\/div><\/div><\/div><\/div><\/div>[\/vc_column][\/vc_row][vc_row full_width=&#8221;stretch_row_content&#8221;][vc_column css=&#8221;.vc_custom_1715003209056{margin-bottom: 0px !important;}&#8221;]<div class=\"wpex-template-shortcode\"><style type=\"text\/css\" data-type=\"vc_shortcodes-custom-css\">.vc_custom_1715002980325{margin-bottom: 0px !important;}<\/style><div id=\"partial-bannier-soutenir\" class=\"vc_row wpb_row vc_row-fluid wpex-vc-full-width-row wpex-vc-full-width-row--centered wpex-relative\"><div class=\"wpb_column vc_column_container vc_col-sm-12\"><div class=\"vc_column-inner vc_custom_1715002980325\"><div class=\"wpb_wrapper\"><div class=\"vcex-heading vcex-heading-plain vcex-module wpex-heading wpex-text-2xl\"><span class=\"vcex-heading-inner wpex-inline-block\">How can you support the Institute?<\/span><\/div><div class=\"vcex-spacing wpex-w-100 wpex-clear\" style=\"height:30px;\"><\/div>\n\t<div class=\"wpb_text_column wpb_content_element intro\" >\n\t\t<div class=\"wpb_wrapper\">\n\t\t\t<p>Your help is essential in the fight against stroke and dementia, and for the promotion of healthy brain ageing.<\/p>\n\n\t\t<\/div>\n\t<\/div>\n<div class=\"vcex-spacing wpex-w-100 wpex-clear\" style=\"height:30px;\"><\/div>\n\t<div class=\"wpb_text_column wpb_content_element\" >\n\t\t<div class=\"wpb_wrapper\">\n\t\t\t<p>By supporting cutting-edge research to develop new prevention strategies and personalised therapies for vascular brain diseases, you are helping reduce the burden of these diseases worldwide.<\/p>\n\n\t\t<\/div>\n\t<\/div>\n<div class=\"theme-button-wrap textcenter wpex-clr\"><a href=\"https:\/\/vbhi-institute.org\/en\/make-a-donation\/\" class=\"vcex-button theme-button align-center inline\"><span class=\"vcex-button-inner theme-button-inner wpex-flex wpex-flex-wrap wpex-items-center wpex-justify-center\"><span class=\"vcex-button-icon vcex-icon-wrap theme-button-icon-left\"><span class=\"wpex-icon\" aria-hidden=\"true\"><svg xmlns=\"http:\/\/www.w3.org\/2000\/svg\" viewBox=\"0 0 512 512\"><path d=\"M47.6 300.4L228.3 469.1c7.5 7 17.4 10.9 27.7 10.9s20.2-3.9 27.7-10.9L464.4 300.4c30.4-28.3 47.6-68 47.6-109.5v-5.8c0-69.9-50.5-129.5-119.4-141C347 36.5 300.6 51.4 268 84L256 96 244 84c-32.6-32.6-79-47.5-124.6-39.9C50.5 55.6 0 115.2 0 185.1v5.8c0 41.5 17.2 81.2 47.6 109.5z\"\/><\/svg><\/span><\/span>I WANT TO DONATE!<\/span><\/a><\/div> \n\t<div style=\"text-align:center;\" class=\"wpb_text_column wpb_content_element\" >\n\t\t<div class=\"wpb_wrapper\">\n\t\t\t<p style=\"text-align: left\">Your donation entitles you to a tax reduction.<br \/>\n<em>E.g.: If I am taxable and I donate \u20ac50, my donation will only cost me \u20ac12 after tax reduction.<\/em><\/p>\n\n\t\t<\/div>\n\t<\/div>\n<\/div><\/div><\/div><\/div>\n<\/div>[\/vc_column][\/vc_row]\n<\/div>","protected":false},"excerpt":{"rendered":"Next-generation prevention clinic for covert small cerebral vessel disease. Issues and objectives Patients suffering from cerebral small vessel disease are currently facing a lack of care. Although it is extremely common, small vessel disease is widely under-diagnosed. Signs of small vessel disease are identified on brain imaging, often by chance (for example, when a CT&hellip;","protected":false},"author":1024,"featured_media":1299,"parent":0,"menu_order":0,"comment_status":"closed","ping_status":"closed","template":"","meta":{"inline_featured_image":false,"footnotes":""},"class_list":["post-1045","page","type-page","status-publish","has-post-thumbnail","hentry","entry","has-media"],"yoast_head":"<!-- This site is optimized with the Yoast SEO plugin v27.3 - https:\/\/yoast.com\/product\/yoast-seo-wordpress\/ -->\n<title>Prevention and care to combat vascular brain disease, a leading role | VBHI<\/title>\n<meta name=\"description\" content=\"The Vascular Brain Health Institute is focusing on the development of accelerated precision prevention by radically reshaping patient care pathways through a global approach based on a &quot;doctor-researcher-patient&quot; organisation.\" \/>\n<meta name=\"robots\" content=\"index, follow, max-snippet:-1, max-image-preview:large, max-video-preview:-1\" \/>\n<link rel=\"canonical\" href=\"https:\/\/vbhi-institute.org\/en\/prevention-and-care\/\" \/>\n<meta property=\"og:locale\" content=\"en_US\" \/>\n<meta property=\"og:type\" content=\"article\" \/>\n<meta property=\"og:title\" content=\"Prevention and care to combat vascular brain disease, a leading role | VBHI\" \/>\n<meta property=\"og:description\" content=\"The Vascular Brain Health Institute is focusing on the development of accelerated precision prevention by radically reshaping patient care pathways through a global approach based on a &quot;doctor-researcher-patient&quot; organisation.\" \/>\n<meta property=\"og:url\" content=\"https:\/\/vbhi-institute.org\/en\/prevention-and-care\/\" \/>\n<meta property=\"og:site_name\" content=\"VBHI\" \/>\n<meta property=\"article:modified_time\" content=\"2025-04-11T15:25:36+00:00\" \/>\n<meta property=\"og:image\" content=\"https:\/\/vbhi-institute.org\/wp-content\/uploads\/2024\/06\/a-la-une-prevention-soin.jpg\" \/>\n\t<meta property=\"og:image:width\" content=\"650\" \/>\n\t<meta property=\"og:image:height\" content=\"392\" \/>\n\t<meta property=\"og:image:type\" content=\"image\/jpeg\" \/>\n<meta name=\"twitter:card\" content=\"summary_large_image\" \/>\n<meta name=\"twitter:label1\" content=\"Est. reading time\" \/>\n\t<meta name=\"twitter:data1\" content=\"5 minutes\" \/>\n<script type=\"application\/ld+json\" class=\"yoast-schema-graph\">{\"@context\":\"https:\\\/\\\/schema.org\",\"@graph\":[{\"@type\":\"WebPage\",\"@id\":\"https:\\\/\\\/vbhi-institute.org\\\/en\\\/prevention-and-care\\\/\",\"url\":\"https:\\\/\\\/vbhi-institute.org\\\/en\\\/prevention-and-care\\\/\",\"name\":\"Prevention and care to combat vascular brain disease, a leading role | VBHI\",\"isPartOf\":{\"@id\":\"https:\\\/\\\/vbhi-institute.org\\\/en\\\/#website\"},\"primaryImageOfPage\":{\"@id\":\"https:\\\/\\\/vbhi-institute.org\\\/en\\\/prevention-and-care\\\/#primaryimage\"},\"image\":{\"@id\":\"https:\\\/\\\/vbhi-institute.org\\\/en\\\/prevention-and-care\\\/#primaryimage\"},\"thumbnailUrl\":\"https:\\\/\\\/vbhi-institute.org\\\/wp-content\\\/uploads\\\/2024\\\/06\\\/a-la-une-prevention-soin.jpg\",\"datePublished\":\"2024-05-30T08:06:28+00:00\",\"dateModified\":\"2025-04-11T15:25:36+00:00\",\"description\":\"The Vascular Brain Health Institute is focusing on the development of accelerated precision prevention by radically reshaping patient care pathways through a global approach based on a \\\"doctor-researcher-patient\\\" organisation.\",\"breadcrumb\":{\"@id\":\"https:\\\/\\\/vbhi-institute.org\\\/en\\\/prevention-and-care\\\/#breadcrumb\"},\"inLanguage\":\"en-US\",\"potentialAction\":[{\"@type\":\"ReadAction\",\"target\":[\"https:\\\/\\\/vbhi-institute.org\\\/en\\\/prevention-and-care\\\/\"]}]},{\"@type\":\"ImageObject\",\"inLanguage\":\"en-US\",\"@id\":\"https:\\\/\\\/vbhi-institute.org\\\/en\\\/prevention-and-care\\\/#primaryimage\",\"url\":\"https:\\\/\\\/vbhi-institute.org\\\/wp-content\\\/uploads\\\/2024\\\/06\\\/a-la-une-prevention-soin.jpg\",\"contentUrl\":\"https:\\\/\\\/vbhi-institute.org\\\/wp-content\\\/uploads\\\/2024\\\/06\\\/a-la-une-prevention-soin.jpg\",\"width\":650,\"height\":392,\"caption\":\"Institut VBHI : Prevention et soins\"},{\"@type\":\"BreadcrumbList\",\"@id\":\"https:\\\/\\\/vbhi-institute.org\\\/en\\\/prevention-and-care\\\/#breadcrumb\",\"itemListElement\":[{\"@type\":\"ListItem\",\"position\":1,\"name\":\"Home\",\"item\":\"https:\\\/\\\/vbhi-institute.org\\\/en\\\/\"},{\"@type\":\"ListItem\",\"position\":2,\"name\":\"Prevention and Care\"}]},{\"@type\":\"WebSite\",\"@id\":\"https:\\\/\\\/vbhi-institute.org\\\/en\\\/#website\",\"url\":\"https:\\\/\\\/vbhi-institute.org\\\/en\\\/\",\"name\":\"VBHI\",\"description\":\"L&#039;institut pour la sant\u00e9 vasculaire c\u00e9r\u00e9brale\",\"publisher\":{\"@id\":\"https:\\\/\\\/vbhi-institute.org\\\/en\\\/#organization\"},\"potentialAction\":[{\"@type\":\"SearchAction\",\"target\":{\"@type\":\"EntryPoint\",\"urlTemplate\":\"https:\\\/\\\/vbhi-institute.org\\\/en\\\/?s={search_term_string}\"},\"query-input\":{\"@type\":\"PropertyValueSpecification\",\"valueRequired\":true,\"valueName\":\"search_term_string\"}}],\"inLanguage\":\"en-US\"},{\"@type\":\"Organization\",\"@id\":\"https:\\\/\\\/vbhi-institute.org\\\/en\\\/#organization\",\"name\":\"VBHI\",\"url\":\"https:\\\/\\\/vbhi-institute.org\\\/en\\\/\",\"logo\":{\"@type\":\"ImageObject\",\"inLanguage\":\"en-US\",\"@id\":\"https:\\\/\\\/vbhi-institute.org\\\/en\\\/#\\\/schema\\\/logo\\\/image\\\/\",\"url\":\"https:\\\/\\\/vbhi-institute.org\\\/wp-content\\\/uploads\\\/2024\\\/04\\\/vbhi-logo.svg\",\"contentUrl\":\"https:\\\/\\\/vbhi-institute.org\\\/wp-content\\\/uploads\\\/2024\\\/04\\\/vbhi-logo.svg\",\"caption\":\"VBHI\"},\"image\":{\"@id\":\"https:\\\/\\\/vbhi-institute.org\\\/en\\\/#\\\/schema\\\/logo\\\/image\\\/\"}}]}<\/script>\n<!-- \/ Yoast SEO plugin. -->","yoast_head_json":{"title":"Prevention and care to combat vascular brain disease, a leading role | VBHI","description":"The Vascular Brain Health Institute is focusing on the development of accelerated precision prevention by radically reshaping patient care pathways through a global approach based on a \"doctor-researcher-patient\" organisation.","robots":{"index":"index","follow":"follow","max-snippet":"max-snippet:-1","max-image-preview":"max-image-preview:large","max-video-preview":"max-video-preview:-1"},"canonical":"https:\/\/vbhi-institute.org\/en\/prevention-and-care\/","og_locale":"en_US","og_type":"article","og_title":"Prevention and care to combat vascular brain disease, a leading role | VBHI","og_description":"The Vascular Brain Health Institute is focusing on the development of accelerated precision prevention by radically reshaping patient care pathways through a global approach based on a \"doctor-researcher-patient\" organisation.","og_url":"https:\/\/vbhi-institute.org\/en\/prevention-and-care\/","og_site_name":"VBHI","article_modified_time":"2025-04-11T15:25:36+00:00","og_image":[{"width":650,"height":392,"url":"https:\/\/vbhi-institute.org\/wp-content\/uploads\/2024\/06\/a-la-une-prevention-soin.jpg","type":"image\/jpeg"}],"twitter_card":"summary_large_image","twitter_misc":{"Est. reading time":"5 minutes"},"schema":{"@context":"https:\/\/schema.org","@graph":[{"@type":"WebPage","@id":"https:\/\/vbhi-institute.org\/en\/prevention-and-care\/","url":"https:\/\/vbhi-institute.org\/en\/prevention-and-care\/","name":"Prevention and care to combat vascular brain disease, a leading role | VBHI","isPartOf":{"@id":"https:\/\/vbhi-institute.org\/en\/#website"},"primaryImageOfPage":{"@id":"https:\/\/vbhi-institute.org\/en\/prevention-and-care\/#primaryimage"},"image":{"@id":"https:\/\/vbhi-institute.org\/en\/prevention-and-care\/#primaryimage"},"thumbnailUrl":"https:\/\/vbhi-institute.org\/wp-content\/uploads\/2024\/06\/a-la-une-prevention-soin.jpg","datePublished":"2024-05-30T08:06:28+00:00","dateModified":"2025-04-11T15:25:36+00:00","description":"The Vascular Brain Health Institute is focusing on the development of accelerated precision prevention by radically reshaping patient care pathways through a global approach based on a \"doctor-researcher-patient\" organisation.","breadcrumb":{"@id":"https:\/\/vbhi-institute.org\/en\/prevention-and-care\/#breadcrumb"},"inLanguage":"en-US","potentialAction":[{"@type":"ReadAction","target":["https:\/\/vbhi-institute.org\/en\/prevention-and-care\/"]}]},{"@type":"ImageObject","inLanguage":"en-US","@id":"https:\/\/vbhi-institute.org\/en\/prevention-and-care\/#primaryimage","url":"https:\/\/vbhi-institute.org\/wp-content\/uploads\/2024\/06\/a-la-une-prevention-soin.jpg","contentUrl":"https:\/\/vbhi-institute.org\/wp-content\/uploads\/2024\/06\/a-la-une-prevention-soin.jpg","width":650,"height":392,"caption":"Institut VBHI : Prevention et soins"},{"@type":"BreadcrumbList","@id":"https:\/\/vbhi-institute.org\/en\/prevention-and-care\/#breadcrumb","itemListElement":[{"@type":"ListItem","position":1,"name":"Home","item":"https:\/\/vbhi-institute.org\/en\/"},{"@type":"ListItem","position":2,"name":"Prevention and Care"}]},{"@type":"WebSite","@id":"https:\/\/vbhi-institute.org\/en\/#website","url":"https:\/\/vbhi-institute.org\/en\/","name":"VBHI","description":"L&#039;institut pour la sant\u00e9 vasculaire c\u00e9r\u00e9brale","publisher":{"@id":"https:\/\/vbhi-institute.org\/en\/#organization"},"potentialAction":[{"@type":"SearchAction","target":{"@type":"EntryPoint","urlTemplate":"https:\/\/vbhi-institute.org\/en\/?s={search_term_string}"},"query-input":{"@type":"PropertyValueSpecification","valueRequired":true,"valueName":"search_term_string"}}],"inLanguage":"en-US"},{"@type":"Organization","@id":"https:\/\/vbhi-institute.org\/en\/#organization","name":"VBHI","url":"https:\/\/vbhi-institute.org\/en\/","logo":{"@type":"ImageObject","inLanguage":"en-US","@id":"https:\/\/vbhi-institute.org\/en\/#\/schema\/logo\/image\/","url":"https:\/\/vbhi-institute.org\/wp-content\/uploads\/2024\/04\/vbhi-logo.svg","contentUrl":"https:\/\/vbhi-institute.org\/wp-content\/uploads\/2024\/04\/vbhi-logo.svg","caption":"VBHI"},"image":{"@id":"https:\/\/vbhi-institute.org\/en\/#\/schema\/logo\/image\/"}}]}},"_links":{"self":[{"href":"https:\/\/vbhi-institute.org\/en\/wp-json\/wp\/v2\/pages\/1045","targetHints":{"allow":["GET"]}}],"collection":[{"href":"https:\/\/vbhi-institute.org\/en\/wp-json\/wp\/v2\/pages"}],"about":[{"href":"https:\/\/vbhi-institute.org\/en\/wp-json\/wp\/v2\/types\/page"}],"author":[{"embeddable":true,"href":"https:\/\/vbhi-institute.org\/en\/wp-json\/wp\/v2\/users\/1024"}],"replies":[{"embeddable":true,"href":"https:\/\/vbhi-institute.org\/en\/wp-json\/wp\/v2\/comments?post=1045"}],"version-history":[{"count":11,"href":"https:\/\/vbhi-institute.org\/en\/wp-json\/wp\/v2\/pages\/1045\/revisions"}],"predecessor-version":[{"id":3162,"href":"https:\/\/vbhi-institute.org\/en\/wp-json\/wp\/v2\/pages\/1045\/revisions\/3162"}],"wp:featuredmedia":[{"embeddable":true,"href":"https:\/\/vbhi-institute.org\/en\/wp-json\/wp\/v2\/media\/1299"}],"wp:attachment":[{"href":"https:\/\/vbhi-institute.org\/en\/wp-json\/wp\/v2\/media?parent=1045"}],"curies":[{"name":"wp","href":"https:\/\/api.w.org\/{rel}","templated":true}]}}