{"id":1041,"date":"2024-05-30T10:07:34","date_gmt":"2024-05-30T08:07:34","guid":{"rendered":"https:\/\/vbhi-institute.org\/?page_id=1041"},"modified":"2024-07-22T12:29:17","modified_gmt":"2024-07-22T10:29:17","slug":"our-founders","status":"publish","type":"page","link":"https:\/\/vbhi-institute.org\/en\/our-founders\/","title":{"rendered":"Our founders"},"content":{"rendered":"<div class=\"wpb-content-wrapper\">[vc_row][vc_column][vc_column_text css=&#8221;&#8221; el_class=&#8221;intro&#8221;]The VBHI is housed within the Fondation Bordeaux Universit\u00e9, and its founders are the University of Bordeaux, the Bordeaux University Hospital, Inserm, Inria and the Nouvelle-Aquitaine Region.[\/vc_column_text][vc_column_text css=&#8221;&#8221;]\n<h2>University of Bordeaux<\/h2>\n<p>The University of Bordeaux is a multi-disciplinary, international research university with a history spanning almost six centuries. With almost 54,000 students and 6,000 staff, including nearly 3,200 lecturers and researchers, it is a major player in the region and one of France&#8217;s leading universities, recognised for the excellence of its research, the quality of its degrees and its capacity for innovation.<br \/>\nWith the &#8220;Initiative of Excellence&#8221; label, it contributes to major scientific advances with its academic and socio-economic partners, by combining research and training. It ensures that these advances are disseminated to the general public and facilitates their technological and industrial transfer, in line with its humanist values and its commitment to environmental and societal change.<\/p>\n<p><a href=\"https:\/\/www.u-bordeaux.fr\/en\" target=\"_blank\" rel=\"noopener\">Visit the University of Bordeaux website<\/a><\/p>\n<h2>Bordeaux University Hospital<\/h2>\n<p>As the number one employer in Aquitaine, with 15,000 employees &#8211; including 1,600 doctors &#8211; and more than 3,000 beds and places, the Bordeaux University Hospital is both the local public health establishment for the entire population of Bordeaux Metropole and the centre of referral and expertise for all the people of the Gironde and, more broadly, the Nouvelle-Aquitaine region. A benchmark institution with a threefold mission: care, teaching and research, the Bordeaux University Hospital has a large number of centres of excellence, both in terms of care and teaching and research, located within three hospital groups: Pellegrin, Saint-Andr\u00e9 and the South (Haut-L\u00e9v\u00eaque &#8211; Xavier Arnozan).<\/p>\n<p><a href=\"https:\/\/www.chu-bordeaux.fr\/\" target=\"_blank\" rel=\"noopener\">Visit the Bordeaux University Hospital website<\/a><\/p>\n<h2>Inserm<\/h2>\n<p>Founded in 1964, Inserm is a public scientific and technological institute which operates under the joint authority of the French Ministries of Health and Research. The institute is dedicated to biomedical research and human health, and is involved in the entire range of activities from the laboratory to the patient\u2019s bedside. It also partners with the most prestigious research institutions in the world that are committed to scientific challenges and progress in these fields. In addition to its mission as a research operator, Inserm has been entrusted with the role of national programming for the research-health block, and coordinates the agency for health research programmes in conjunction with the various stakeholders.<\/p>\n<p><a href=\"https:\/\/www.inserm.fr\/en\/home\/\" target=\"_blank\" rel=\"noopener\">Visit the Inserm website<\/a><\/p>\n<h2>Inria<\/h2>\n<p>Inria is France\u2019s national institute for research in digital science and technology. World-leading research, technological innovation and entrepreneurial risk-taking are in its DNA. Within 215 project teams, the majority of which are joint undertakings with leading research universities, more than 3,900 researchers and engineers explore new avenues, often in conjunction with industrial partners, in response to ambitious challenges.<br \/>\nAs an institute of technology, Inria supports diversity in innovation, from opensource software publishing to deep tech startups.<\/p>\n<p><a href=\"https:\/\/www.inria.fr\/en\" target=\"_blank\" rel=\"noopener\">Visit the Inria website<\/a><\/p>\n<h2>Nouvelle-Aquitaine Region<\/h2>\n<p>The largest region in France, the Nouvelle-Aquitaine is a rich, diverse and attractive territory. The Regional Council has major responsibilities in the day-to-day lives of its citizens. It does this through 4 major areas: the economy and employment (support for innovation, agriculture, digital technology, industry, employment, tourism, etc.), youth (policies in favour of apprenticeships, training for young people, secondary schools, school transport, etc.), regional development (territorial policy, responsibility for transport, support for health, sport and culture, etc.) and the energy and ecological transition (preservation of biodiversity, renewable energies, zero waste, etc.). Working on all of these &#8216;determinants&#8217; of people&#8217;s health, including the healthcare system and various policies outside the field of health, the Region is thus a major player in public health, with a single health approach, i.e. the interaction between human health, animal health and ecosystems.<\/p>\n<p><a href=\"https:\/\/www.nouvelle-aquitaine.fr\/\" target=\"_blank\" rel=\"noopener\">Visit the Nouvelle-Aquitaine Region website<\/a><\/p>\n<h2>Fondation Bordeaux Universit\u00e9<\/h2>\n<p>The Fondation Bordeaux Universit\u00e9 is the joint patronage operator for the Bordeaux university and hospital campus. It raises funds for two founding institutions (University of Bordeaux and Bordeaux University Hospital) and 4 partner institutions (Bordeaux INP, Bordeaux Sciences Agro, Sciences Po Bordeaux, Bordeaux Montaigne University), in association with major research bodies (CNRS, INRAE, Inserm, etc.) as part of joint projects. An original interface, it brings together companies, associations, institutions and individuals alongside universities and hospitals to serve the general interest, through the development of new forms of collaboration, wholly or partly funded by donations.<\/p>\n<p><a href=\"https:\/\/www.fondation.univ-bordeaux.fr\/\" target=\"_blank\" rel=\"noopener\">Visit the Fondation Bordeaux Universit\u00e9 website<\/a>[\/vc_column_text][\/vc_column][\/vc_row][vc_row el_id=&#8221;banniere-page-connexes&#8221;][vc_column]<div class=\"wpex-post-cards wpex-post-cards-blog_5 wpex-relative\"><div class=\"wpex-post-cards-inner\"><div class=\"wpex-post-cards-loop wpex-post-cards-grid wpex-row wpex-clr\"><div class=\"wpex-post-cards-entry col col-1 span_1_of_3 post-1047 type-page translation_priority-7\"><div class=\"wpex-card wpex-card-blog_5\"><div class=\"wpex-card-media wpex-mb-15 overlay-parent overlay-parent-1\"><div class=\"wpex-card-thumbnail wpex-relative\"><a href=\"https:\/\/vbhi-institute.org\/en\/gouvernance\/\"><img width=\"650\" height=\"392\" src=\"https:\/\/vbhi-institute.org\/wp-content\/uploads\/2024\/06\/a-la-une-gouvernance.jpg\" class=\"wpex-align-middle\" alt=\"VBHI: Governance\" loading=\"lazy\" decoding=\"async\" srcset=\"https:\/\/vbhi-institute.org\/wp-content\/uploads\/2024\/06\/a-la-une-gouvernance.jpg 650w, https:\/\/vbhi-institute.org\/wp-content\/uploads\/2024\/06\/a-la-une-gouvernance-300x181.jpg 300w\" sizes=\"auto, (max-width: 650px) 100vw, 650px\" \/><\/a><\/div><\/div><h2 class=\"wpex-card-title wpex-heading wpex-text-lg\"><a href=\"https:\/\/vbhi-institute.org\/en\/gouvernance\/\">Governance<\/a><\/h2><\/div><\/div><div class=\"wpex-post-cards-entry col col-2 span_1_of_3 post-887 type-page translation_priority-7\"><div class=\"wpex-card wpex-card-blog_5\"><div class=\"wpex-card-media wpex-mb-15 overlay-parent overlay-parent-1\"><div class=\"wpex-card-thumbnail wpex-relative\"><a href=\"https:\/\/vbhi-institute.org\/en\/our-support\/\"><img width=\"800\" height=\"482\" src=\"https:\/\/vbhi-institute.org\/wp-content\/uploads\/2024\/05\/a-la-une-vbhi-nos-soutiens.jpg\" class=\"wpex-align-middle\" alt=\"Institut VBHI : Nos soutiens\" loading=\"lazy\" decoding=\"async\" srcset=\"https:\/\/vbhi-institute.org\/wp-content\/uploads\/2024\/05\/a-la-une-vbhi-nos-soutiens.jpg 800w, https:\/\/vbhi-institute.org\/wp-content\/uploads\/2024\/05\/a-la-une-vbhi-nos-soutiens-300x181.jpg 300w, https:\/\/vbhi-institute.org\/wp-content\/uploads\/2024\/05\/a-la-une-vbhi-nos-soutiens-768x463.jpg 768w\" sizes=\"auto, (max-width: 800px) 100vw, 800px\" \/><\/a><\/div><\/div><h2 class=\"wpex-card-title wpex-heading wpex-text-lg\"><a href=\"https:\/\/vbhi-institute.org\/en\/our-support\/\">Our support<\/a><\/h2><\/div><\/div><div class=\"wpex-post-cards-entry col col-3 span_1_of_3 post-1049 type-page translation_priority-7\"><div class=\"wpex-card wpex-card-blog_5\"><div class=\"wpex-card-media wpex-mb-15 overlay-parent overlay-parent-1\"><div class=\"wpex-card-thumbnail wpex-relative\"><a href=\"https:\/\/vbhi-institute.org\/en\/vascular-brain-diseases\/\"><img width=\"650\" height=\"392\" src=\"https:\/\/vbhi-institute.org\/wp-content\/uploads\/2024\/06\/a-la-une-les-maladies-vasculaires-cerebrales.jpg\" class=\"wpex-align-middle\" alt=\"VBHI: Vascular Brain Diseases\" loading=\"lazy\" decoding=\"async\" srcset=\"https:\/\/vbhi-institute.org\/wp-content\/uploads\/2024\/06\/a-la-une-les-maladies-vasculaires-cerebrales.jpg 650w, https:\/\/vbhi-institute.org\/wp-content\/uploads\/2024\/06\/a-la-une-les-maladies-vasculaires-cerebrales-300x181.jpg 300w\" sizes=\"auto, (max-width: 650px) 100vw, 650px\" \/><\/a><\/div><\/div><h2 class=\"wpex-card-title wpex-heading wpex-text-lg\"><a href=\"https:\/\/vbhi-institute.org\/en\/vascular-brain-diseases\/\">Vascular Brain Diseases<\/a><\/h2><\/div><\/div><\/div><\/div><\/div>[\/vc_column][\/vc_row][vc_row full_width=&#8221;stretch_row_content&#8221;][vc_column css=&#8221;.vc_custom_1715003209056{margin-bottom: 0px !important;}&#8221;]<div class=\"wpex-template-shortcode\"><style type=\"text\/css\" data-type=\"vc_shortcodes-custom-css\">.vc_custom_1715002980325{margin-bottom: 0px !important;}<\/style><div id=\"partial-bannier-soutenir\" class=\"vc_row wpb_row vc_row-fluid wpex-vc-full-width-row wpex-vc-full-width-row--centered wpex-relative\"><div class=\"wpb_column vc_column_container vc_col-sm-12\"><div class=\"vc_column-inner vc_custom_1715002980325\"><div class=\"wpb_wrapper\"><div class=\"vcex-heading vcex-heading-plain vcex-module wpex-heading wpex-text-2xl\"><span class=\"vcex-heading-inner wpex-inline-block\">How can you support the Institute?<\/span><\/div><div class=\"vcex-spacing wpex-w-100 wpex-clear\" style=\"height:30px;\"><\/div>\n\t<div class=\"wpb_text_column wpb_content_element intro\" >\n\t\t<div class=\"wpb_wrapper\">\n\t\t\t<p>Your help is essential in the fight against stroke and dementia, and for the promotion of healthy brain ageing.<\/p>\n\n\t\t<\/div>\n\t<\/div>\n<div class=\"vcex-spacing wpex-w-100 wpex-clear\" style=\"height:30px;\"><\/div>\n\t<div class=\"wpb_text_column wpb_content_element\" >\n\t\t<div class=\"wpb_wrapper\">\n\t\t\t<p>By supporting cutting-edge research to develop new prevention strategies and personalised therapies for vascular brain diseases, you are helping reduce the burden of these diseases worldwide.<\/p>\n\n\t\t<\/div>\n\t<\/div>\n<div class=\"theme-button-wrap textcenter wpex-clr\"><a href=\"https:\/\/vbhi-institute.org\/en\/make-a-donation\/\" class=\"vcex-button theme-button align-center inline\"><span class=\"vcex-button-inner theme-button-inner wpex-flex wpex-flex-wrap wpex-items-center wpex-justify-center\"><span class=\"vcex-button-icon vcex-icon-wrap theme-button-icon-left\"><span class=\"wpex-icon\" aria-hidden=\"true\"><svg xmlns=\"http:\/\/www.w3.org\/2000\/svg\" viewBox=\"0 0 512 512\"><path d=\"M47.6 300.4L228.3 469.1c7.5 7 17.4 10.9 27.7 10.9s20.2-3.9 27.7-10.9L464.4 300.4c30.4-28.3 47.6-68 47.6-109.5v-5.8c0-69.9-50.5-129.5-119.4-141C347 36.5 300.6 51.4 268 84L256 96 244 84c-32.6-32.6-79-47.5-124.6-39.9C50.5 55.6 0 115.2 0 185.1v5.8c0 41.5 17.2 81.2 47.6 109.5z\"\/><\/svg><\/span><\/span>I WANT TO DONATE!<\/span><\/a><\/div> \n\t<div style=\"text-align:center;\" class=\"wpb_text_column wpb_content_element\" >\n\t\t<div class=\"wpb_wrapper\">\n\t\t\t<p style=\"text-align: left\">Your donation entitles you to a tax reduction.<br \/>\n<em>E.g.: If I am taxable and I donate \u20ac50, my donation will only cost me \u20ac12 after tax reduction.<\/em><\/p>\n\n\t\t<\/div>\n\t<\/div>\n<\/div><\/div><\/div><\/div>\n<\/div>[\/vc_column][\/vc_row]\n<\/div>","protected":false},"excerpt":{"rendered":"Brain health, and in particular vascular health, is crucial to healthy ageing of the brain. Cerebrovascular diseases are extremely common and they are a major cause of premature death and disability in France and around the world. Stroke Stroke is the 2nd leading cause of death in the world, with 100 million people affected. A&hellip;","protected":false},"author":1024,"featured_media":1191,"parent":0,"menu_order":0,"comment_status":"closed","ping_status":"closed","template":"","meta":{"inline_featured_image":false,"footnotes":""},"class_list":["post-1041","page","type-page","status-publish","has-post-thumbnail","hentry","entry","has-media"],"yoast_head":"<!-- This site is optimized with the Yoast SEO plugin v27.3 - https:\/\/yoast.com\/product\/yoast-seo-wordpress\/ -->\n<title>The founders, the foundation of the institute | VBHI<\/title>\n<meta name=\"description\" content=\"The Vascular Brain Health Institute has six founding members: the University of Bordeaux, Bordeaux University Hospital, Inserm, Inria, the Nouvelle-Aquitaine region and the University of Bordeaux Foundation.\" \/>\n<meta name=\"robots\" content=\"index, follow, max-snippet:-1, max-image-preview:large, max-video-preview:-1\" \/>\n<link rel=\"canonical\" href=\"https:\/\/vbhi-institute.org\/en\/our-founders\/\" \/>\n<meta property=\"og:locale\" content=\"en_US\" \/>\n<meta property=\"og:type\" content=\"article\" \/>\n<meta property=\"og:title\" content=\"The founders, the foundation of the institute | VBHI\" \/>\n<meta property=\"og:description\" content=\"The Vascular Brain Health Institute has six founding members: the University of Bordeaux, Bordeaux University Hospital, Inserm, Inria, the Nouvelle-Aquitaine region and the University of Bordeaux Foundation.\" \/>\n<meta property=\"og:url\" content=\"https:\/\/vbhi-institute.org\/en\/our-founders\/\" \/>\n<meta property=\"og:site_name\" content=\"VBHI\" \/>\n<meta property=\"article:modified_time\" content=\"2024-07-22T10:29:17+00:00\" \/>\n<meta property=\"og:image\" content=\"https:\/\/vbhi-institute.org\/wp-content\/uploads\/2024\/06\/a-la-une-nos-fondateurs.jpg\" \/>\n\t<meta property=\"og:image:width\" content=\"650\" \/>\n\t<meta property=\"og:image:height\" content=\"392\" \/>\n\t<meta property=\"og:image:type\" content=\"image\/jpeg\" \/>\n<meta name=\"twitter:card\" content=\"summary_large_image\" \/>\n<meta name=\"twitter:label1\" content=\"Est. reading time\" \/>\n\t<meta name=\"twitter:data1\" content=\"4 minutes\" \/>\n<script type=\"application\/ld+json\" class=\"yoast-schema-graph\">{\"@context\":\"https:\\\/\\\/schema.org\",\"@graph\":[{\"@type\":\"WebPage\",\"@id\":\"https:\\\/\\\/vbhi-institute.org\\\/en\\\/our-founders\\\/\",\"url\":\"https:\\\/\\\/vbhi-institute.org\\\/en\\\/our-founders\\\/\",\"name\":\"The founders, the foundation of the institute | VBHI\",\"isPartOf\":{\"@id\":\"https:\\\/\\\/vbhi-institute.org\\\/en\\\/#website\"},\"primaryImageOfPage\":{\"@id\":\"https:\\\/\\\/vbhi-institute.org\\\/en\\\/our-founders\\\/#primaryimage\"},\"image\":{\"@id\":\"https:\\\/\\\/vbhi-institute.org\\\/en\\\/our-founders\\\/#primaryimage\"},\"thumbnailUrl\":\"https:\\\/\\\/vbhi-institute.org\\\/wp-content\\\/uploads\\\/2024\\\/06\\\/a-la-une-nos-fondateurs.jpg\",\"datePublished\":\"2024-05-30T08:07:34+00:00\",\"dateModified\":\"2024-07-22T10:29:17+00:00\",\"description\":\"The Vascular Brain Health Institute has six founding members: the University of Bordeaux, Bordeaux University Hospital, Inserm, Inria, the Nouvelle-Aquitaine region and the University of Bordeaux Foundation.\",\"breadcrumb\":{\"@id\":\"https:\\\/\\\/vbhi-institute.org\\\/en\\\/our-founders\\\/#breadcrumb\"},\"inLanguage\":\"en-US\",\"potentialAction\":[{\"@type\":\"ReadAction\",\"target\":[\"https:\\\/\\\/vbhi-institute.org\\\/en\\\/our-founders\\\/\"]}]},{\"@type\":\"ImageObject\",\"inLanguage\":\"en-US\",\"@id\":\"https:\\\/\\\/vbhi-institute.org\\\/en\\\/our-founders\\\/#primaryimage\",\"url\":\"https:\\\/\\\/vbhi-institute.org\\\/wp-content\\\/uploads\\\/2024\\\/06\\\/a-la-une-nos-fondateurs.jpg\",\"contentUrl\":\"https:\\\/\\\/vbhi-institute.org\\\/wp-content\\\/uploads\\\/2024\\\/06\\\/a-la-une-nos-fondateurs.jpg\",\"width\":650,\"height\":392,\"caption\":\"VBHI: Our founders\"},{\"@type\":\"BreadcrumbList\",\"@id\":\"https:\\\/\\\/vbhi-institute.org\\\/en\\\/our-founders\\\/#breadcrumb\",\"itemListElement\":[{\"@type\":\"ListItem\",\"position\":1,\"name\":\"Home\",\"item\":\"https:\\\/\\\/vbhi-institute.org\\\/en\\\/\"},{\"@type\":\"ListItem\",\"position\":2,\"name\":\"Our founders\"}]},{\"@type\":\"WebSite\",\"@id\":\"https:\\\/\\\/vbhi-institute.org\\\/en\\\/#website\",\"url\":\"https:\\\/\\\/vbhi-institute.org\\\/en\\\/\",\"name\":\"VBHI\",\"description\":\"L&#039;institut pour la sant\u00e9 vasculaire c\u00e9r\u00e9brale\",\"publisher\":{\"@id\":\"https:\\\/\\\/vbhi-institute.org\\\/en\\\/#organization\"},\"potentialAction\":[{\"@type\":\"SearchAction\",\"target\":{\"@type\":\"EntryPoint\",\"urlTemplate\":\"https:\\\/\\\/vbhi-institute.org\\\/en\\\/?s={search_term_string}\"},\"query-input\":{\"@type\":\"PropertyValueSpecification\",\"valueRequired\":true,\"valueName\":\"search_term_string\"}}],\"inLanguage\":\"en-US\"},{\"@type\":\"Organization\",\"@id\":\"https:\\\/\\\/vbhi-institute.org\\\/en\\\/#organization\",\"name\":\"VBHI\",\"url\":\"https:\\\/\\\/vbhi-institute.org\\\/en\\\/\",\"logo\":{\"@type\":\"ImageObject\",\"inLanguage\":\"en-US\",\"@id\":\"https:\\\/\\\/vbhi-institute.org\\\/en\\\/#\\\/schema\\\/logo\\\/image\\\/\",\"url\":\"https:\\\/\\\/vbhi-institute.org\\\/wp-content\\\/uploads\\\/2024\\\/04\\\/vbhi-logo.svg\",\"contentUrl\":\"https:\\\/\\\/vbhi-institute.org\\\/wp-content\\\/uploads\\\/2024\\\/04\\\/vbhi-logo.svg\",\"caption\":\"VBHI\"},\"image\":{\"@id\":\"https:\\\/\\\/vbhi-institute.org\\\/en\\\/#\\\/schema\\\/logo\\\/image\\\/\"}}]}<\/script>\n<!-- \/ Yoast SEO plugin. -->","yoast_head_json":{"title":"The founders, the foundation of the institute | VBHI","description":"The Vascular Brain Health Institute has six founding members: the University of Bordeaux, Bordeaux University Hospital, Inserm, Inria, the Nouvelle-Aquitaine region and the University of Bordeaux Foundation.","robots":{"index":"index","follow":"follow","max-snippet":"max-snippet:-1","max-image-preview":"max-image-preview:large","max-video-preview":"max-video-preview:-1"},"canonical":"https:\/\/vbhi-institute.org\/en\/our-founders\/","og_locale":"en_US","og_type":"article","og_title":"The founders, the foundation of the institute | VBHI","og_description":"The Vascular Brain Health Institute has six founding members: the University of Bordeaux, Bordeaux University Hospital, Inserm, Inria, the Nouvelle-Aquitaine region and the University of Bordeaux Foundation.","og_url":"https:\/\/vbhi-institute.org\/en\/our-founders\/","og_site_name":"VBHI","article_modified_time":"2024-07-22T10:29:17+00:00","og_image":[{"width":650,"height":392,"url":"https:\/\/vbhi-institute.org\/wp-content\/uploads\/2024\/06\/a-la-une-nos-fondateurs.jpg","type":"image\/jpeg"}],"twitter_card":"summary_large_image","twitter_misc":{"Est. reading time":"4 minutes"},"schema":{"@context":"https:\/\/schema.org","@graph":[{"@type":"WebPage","@id":"https:\/\/vbhi-institute.org\/en\/our-founders\/","url":"https:\/\/vbhi-institute.org\/en\/our-founders\/","name":"The founders, the foundation of the institute | VBHI","isPartOf":{"@id":"https:\/\/vbhi-institute.org\/en\/#website"},"primaryImageOfPage":{"@id":"https:\/\/vbhi-institute.org\/en\/our-founders\/#primaryimage"},"image":{"@id":"https:\/\/vbhi-institute.org\/en\/our-founders\/#primaryimage"},"thumbnailUrl":"https:\/\/vbhi-institute.org\/wp-content\/uploads\/2024\/06\/a-la-une-nos-fondateurs.jpg","datePublished":"2024-05-30T08:07:34+00:00","dateModified":"2024-07-22T10:29:17+00:00","description":"The Vascular Brain Health Institute has six founding members: the University of Bordeaux, Bordeaux University Hospital, Inserm, Inria, the Nouvelle-Aquitaine region and the University of Bordeaux Foundation.","breadcrumb":{"@id":"https:\/\/vbhi-institute.org\/en\/our-founders\/#breadcrumb"},"inLanguage":"en-US","potentialAction":[{"@type":"ReadAction","target":["https:\/\/vbhi-institute.org\/en\/our-founders\/"]}]},{"@type":"ImageObject","inLanguage":"en-US","@id":"https:\/\/vbhi-institute.org\/en\/our-founders\/#primaryimage","url":"https:\/\/vbhi-institute.org\/wp-content\/uploads\/2024\/06\/a-la-une-nos-fondateurs.jpg","contentUrl":"https:\/\/vbhi-institute.org\/wp-content\/uploads\/2024\/06\/a-la-une-nos-fondateurs.jpg","width":650,"height":392,"caption":"VBHI: Our founders"},{"@type":"BreadcrumbList","@id":"https:\/\/vbhi-institute.org\/en\/our-founders\/#breadcrumb","itemListElement":[{"@type":"ListItem","position":1,"name":"Home","item":"https:\/\/vbhi-institute.org\/en\/"},{"@type":"ListItem","position":2,"name":"Our founders"}]},{"@type":"WebSite","@id":"https:\/\/vbhi-institute.org\/en\/#website","url":"https:\/\/vbhi-institute.org\/en\/","name":"VBHI","description":"L&#039;institut pour la sant\u00e9 vasculaire c\u00e9r\u00e9brale","publisher":{"@id":"https:\/\/vbhi-institute.org\/en\/#organization"},"potentialAction":[{"@type":"SearchAction","target":{"@type":"EntryPoint","urlTemplate":"https:\/\/vbhi-institute.org\/en\/?s={search_term_string}"},"query-input":{"@type":"PropertyValueSpecification","valueRequired":true,"valueName":"search_term_string"}}],"inLanguage":"en-US"},{"@type":"Organization","@id":"https:\/\/vbhi-institute.org\/en\/#organization","name":"VBHI","url":"https:\/\/vbhi-institute.org\/en\/","logo":{"@type":"ImageObject","inLanguage":"en-US","@id":"https:\/\/vbhi-institute.org\/en\/#\/schema\/logo\/image\/","url":"https:\/\/vbhi-institute.org\/wp-content\/uploads\/2024\/04\/vbhi-logo.svg","contentUrl":"https:\/\/vbhi-institute.org\/wp-content\/uploads\/2024\/04\/vbhi-logo.svg","caption":"VBHI"},"image":{"@id":"https:\/\/vbhi-institute.org\/en\/#\/schema\/logo\/image\/"}}]}},"_links":{"self":[{"href":"https:\/\/vbhi-institute.org\/en\/wp-json\/wp\/v2\/pages\/1041","targetHints":{"allow":["GET"]}}],"collection":[{"href":"https:\/\/vbhi-institute.org\/en\/wp-json\/wp\/v2\/pages"}],"about":[{"href":"https:\/\/vbhi-institute.org\/en\/wp-json\/wp\/v2\/types\/page"}],"author":[{"embeddable":true,"href":"https:\/\/vbhi-institute.org\/en\/wp-json\/wp\/v2\/users\/1024"}],"replies":[{"embeddable":true,"href":"https:\/\/vbhi-institute.org\/en\/wp-json\/wp\/v2\/comments?post=1041"}],"version-history":[{"count":7,"href":"https:\/\/vbhi-institute.org\/en\/wp-json\/wp\/v2\/pages\/1041\/revisions"}],"predecessor-version":[{"id":2170,"href":"https:\/\/vbhi-institute.org\/en\/wp-json\/wp\/v2\/pages\/1041\/revisions\/2170"}],"wp:featuredmedia":[{"embeddable":true,"href":"https:\/\/vbhi-institute.org\/en\/wp-json\/wp\/v2\/media\/1191"}],"wp:attachment":[{"href":"https:\/\/vbhi-institute.org\/en\/wp-json\/wp\/v2\/media?parent=1041"}],"curies":[{"name":"wp","href":"https:\/\/api.w.org\/{rel}","templated":true}]}}